{"id":2829,"date":"2025-10-16T11:28:27","date_gmt":"2025-10-16T08:28:27","guid":{"rendered":"https:\/\/jonodalys.lt\/?post_type=product&#038;p=2829"},"modified":"2025-11-09T19:40:56","modified_gmt":"2025-11-09T16:40:56","slug":"lexus-ux-2022-veidrodelis-elektra-valdomas-desineje-8791076200c1-8791076200","status":"publish","type":"product","link":"https:\/\/jonodalys.lt\/lt\/product\/lexus-ux-2022-veidrodelis-elektra-valdomas-desineje-8791076200c1-8791076200\/","title":{"rendered":"Lexus UX 2022 Veidrod\u0117lis (elektra valdomas, De\u0161in\u0117je) 8791076200C1 8791076200"},"content":{"rendered":"<p>(7. Laidai)<\/p>\n","protected":false},"excerpt":{"rendered":"<p>(7. Laidai)<\/p>\n","protected":false},"featured_media":2843,"comment_status":"open","ping_status":"closed","template":"","meta":{"_acf_changed":false},"product_brand":[86],"product_cat":[26],"product_tag":[],"class_list":{"0":"post-2829","1":"product","2":"type-product","3":"status-publish","4":"has-post-thumbnail","6":"product_brand-lexus","7":"product_cat-kebulai-ir-ju-dalys","8":"pa_lokacija-a3","10":"first","11":"instock","12":"taxable","13":"shipping-taxable","14":"purchasable","15":"product-type-simple"},"acf":[],"aioseo_notices":[],"_links":{"self":[{"href":"https:\/\/jonodalys.lt\/lt\/wp-json\/wp\/v2\/product\/2829","targetHints":{"allow":["GET"]}}],"collection":[{"href":"https:\/\/jonodalys.lt\/lt\/wp-json\/wp\/v2\/product"}],"about":[{"href":"https:\/\/jonodalys.lt\/lt\/wp-json\/wp\/v2\/types\/product"}],"replies":[{"embeddable":true,"href":"https:\/\/jonodalys.lt\/lt\/wp-json\/wp\/v2\/comments?post=2829"}],"wp:featuredmedia":[{"embeddable":true,"href":"https:\/\/jonodalys.lt\/lt\/wp-json\/wp\/v2\/media\/2843"}],"wp:attachment":[{"href":"https:\/\/jonodalys.lt\/lt\/wp-json\/wp\/v2\/media?parent=2829"}],"wp:term":[{"taxonomy":"product_brand","embeddable":true,"href":"https:\/\/jonodalys.lt\/lt\/wp-json\/wp\/v2\/product_brand?post=2829"},{"taxonomy":"product_cat","embeddable":true,"href":"https:\/\/jonodalys.lt\/lt\/wp-json\/wp\/v2\/product_cat?post=2829"},{"taxonomy":"product_tag","embeddable":true,"href":"https:\/\/jonodalys.lt\/lt\/wp-json\/wp\/v2\/product_tag?post=2829"}],"curies":[{"name":"wp","href":"https:\/\/api.w.org\/{rel}","templated":true}]}}