{"id":2822,"date":"2025-10-16T10:25:47","date_gmt":"2025-10-16T07:25:47","guid":{"rendered":"https:\/\/jonodalys.lt\/?post_type=product&#038;p=2822"},"modified":"2025-11-09T19:40:57","modified_gmt":"2025-11-09T16:40:57","slug":"citroen-c4-c41-nuo-2020-vairuotojo-veidrodelis-kaireje-puseje-el-valdomas-98351916xt","status":"publish","type":"product","link":"https:\/\/jonodalys.lt\/lt\/product\/citroen-c4-c41-nuo-2020-vairuotojo-veidrodelis-kaireje-puseje-el-valdomas-98351916xt\/","title":{"rendered":"Citroen C4 (C41, nuo 2020) Vairuotojo veidrod\u0117lis (kair\u0117je pus\u0117je, el. valdomas) 98340964XT 984653569v"},"content":{"rendered":"<p>(Su defektu)\u00a0 6. Laidai<\/p>\n","protected":false},"excerpt":{"rendered":"<p>(Su defektu)\u00a0 6. Laidai<\/p>\n","protected":false},"featured_media":2823,"comment_status":"open","ping_status":"closed","template":"","meta":{"_acf_changed":false},"product_brand":[115],"product_cat":[26],"product_tag":[],"class_list":{"0":"post-2822","1":"product","2":"type-product","3":"status-publish","4":"has-post-thumbnail","6":"product_brand-citroen","7":"product_cat-kebulai-ir-ju-dalys","8":"pa_lokacija-a3","10":"first","11":"instock","12":"taxable","13":"shipping-taxable","14":"purchasable","15":"product-type-simple"},"acf":[],"aioseo_notices":[],"_links":{"self":[{"href":"https:\/\/jonodalys.lt\/lt\/wp-json\/wp\/v2\/product\/2822","targetHints":{"allow":["GET"]}}],"collection":[{"href":"https:\/\/jonodalys.lt\/lt\/wp-json\/wp\/v2\/product"}],"about":[{"href":"https:\/\/jonodalys.lt\/lt\/wp-json\/wp\/v2\/types\/product"}],"replies":[{"embeddable":true,"href":"https:\/\/jonodalys.lt\/lt\/wp-json\/wp\/v2\/comments?post=2822"}],"wp:featuredmedia":[{"embeddable":true,"href":"https:\/\/jonodalys.lt\/lt\/wp-json\/wp\/v2\/media\/2823"}],"wp:attachment":[{"href":"https:\/\/jonodalys.lt\/lt\/wp-json\/wp\/v2\/media?parent=2822"}],"wp:term":[{"taxonomy":"product_brand","embeddable":true,"href":"https:\/\/jonodalys.lt\/lt\/wp-json\/wp\/v2\/product_brand?post=2822"},{"taxonomy":"product_cat","embeddable":true,"href":"https:\/\/jonodalys.lt\/lt\/wp-json\/wp\/v2\/product_cat?post=2822"},{"taxonomy":"product_tag","embeddable":true,"href":"https:\/\/jonodalys.lt\/lt\/wp-json\/wp\/v2\/product_tag?post=2822"}],"curies":[{"name":"wp","href":"https:\/\/api.w.org\/{rel}","templated":true}]}}