{"id":2569,"date":"2025-10-13T15:52:53","date_gmt":"2025-10-13T12:52:53","guid":{"rendered":"https:\/\/jonodalys.lt\/?post_type=product&#038;p=2569"},"modified":"2025-11-09T19:41:00","modified_gmt":"2025-11-09T16:41:00","slug":"peugeot-308-t9-2018m-centrines-oro-groteles-desineje-96782700-1304148x-1304148xzd","status":"publish","type":"product","link":"https:\/\/jonodalys.lt\/lt\/product\/peugeot-308-t9-2018m-centrines-oro-groteles-desineje-96782700-1304148x-1304148xzd\/","title":{"rendered":"Peugeot 308 T9 2018m Centrin\u0117s oro grotel\u0117s (De\u0161in\u0117je) 96782700 1304148X 1304148XZD"},"content":{"rendered":"","protected":false},"excerpt":{"rendered":"","protected":false},"featured_media":2575,"comment_status":"open","ping_status":"closed","template":"","meta":{"_acf_changed":false},"product_brand":[71],"product_cat":[77],"product_tag":[],"class_list":{"0":"post-2569","1":"product","2":"type-product","3":"status-publish","4":"has-post-thumbnail","6":"product_brand-peugeot","7":"product_cat-elektronika","8":"pa_lokacija-d8","10":"first","11":"instock","12":"taxable","13":"shipping-taxable","14":"purchasable","15":"product-type-simple"},"acf":[],"aioseo_notices":[],"_links":{"self":[{"href":"https:\/\/jonodalys.lt\/lt\/wp-json\/wp\/v2\/product\/2569","targetHints":{"allow":["GET"]}}],"collection":[{"href":"https:\/\/jonodalys.lt\/lt\/wp-json\/wp\/v2\/product"}],"about":[{"href":"https:\/\/jonodalys.lt\/lt\/wp-json\/wp\/v2\/types\/product"}],"replies":[{"embeddable":true,"href":"https:\/\/jonodalys.lt\/lt\/wp-json\/wp\/v2\/comments?post=2569"}],"wp:featuredmedia":[{"embeddable":true,"href":"https:\/\/jonodalys.lt\/lt\/wp-json\/wp\/v2\/media\/2575"}],"wp:attachment":[{"href":"https:\/\/jonodalys.lt\/lt\/wp-json\/wp\/v2\/media?parent=2569"}],"wp:term":[{"taxonomy":"product_brand","embeddable":true,"href":"https:\/\/jonodalys.lt\/lt\/wp-json\/wp\/v2\/product_brand?post=2569"},{"taxonomy":"product_cat","embeddable":true,"href":"https:\/\/jonodalys.lt\/lt\/wp-json\/wp\/v2\/product_cat?post=2569"},{"taxonomy":"product_tag","embeddable":true,"href":"https:\/\/jonodalys.lt\/lt\/wp-json\/wp\/v2\/product_tag?post=2569"}],"curies":[{"name":"wp","href":"https:\/\/api.w.org\/{rel}","templated":true}]}}