{"id":2399,"date":"2025-10-07T10:47:10","date_gmt":"2025-10-07T07:47:10","guid":{"rendered":"https:\/\/jonodalys.lt\/?post_type=product&#038;p=2399"},"modified":"2025-11-09T19:41:02","modified_gmt":"2025-11-09T16:41:02","slug":"volkswagen-polo-vi-2019-dangtis-variklio-kapotas-2g0823155h-2g0823031h","status":"publish","type":"product","link":"https:\/\/jonodalys.lt\/lt\/product\/volkswagen-polo-vi-2019-dangtis-variklio-kapotas-2g0823155h-2g0823031h\/","title":{"rendered":"Volkswagen Polo VI 2019 Dangtis variklio (kapotas) 2G0823155H 2G0823031H"},"content":{"rendered":"<p>(k\u0117bulo detal\u0117 n\u0117ra originali)<\/p>\n","protected":false},"excerpt":{"rendered":"<p>(k\u0117bulo detal\u0117 n\u0117ra originali)<\/p>\n","protected":false},"featured_media":2400,"comment_status":"open","ping_status":"closed","template":"","meta":{"_acf_changed":false},"product_brand":[82],"product_cat":[26],"product_tag":[],"class_list":{"0":"post-2399","1":"product","2":"type-product","3":"status-publish","4":"has-post-thumbnail","6":"product_brand-volkswagen","7":"product_cat-kebulai-ir-ju-dalys","9":"first","10":"instock","11":"taxable","12":"shipping-taxable","13":"purchasable","14":"product-type-simple"},"acf":[],"aioseo_notices":[],"_links":{"self":[{"href":"https:\/\/jonodalys.lt\/lt\/wp-json\/wp\/v2\/product\/2399","targetHints":{"allow":["GET"]}}],"collection":[{"href":"https:\/\/jonodalys.lt\/lt\/wp-json\/wp\/v2\/product"}],"about":[{"href":"https:\/\/jonodalys.lt\/lt\/wp-json\/wp\/v2\/types\/product"}],"replies":[{"embeddable":true,"href":"https:\/\/jonodalys.lt\/lt\/wp-json\/wp\/v2\/comments?post=2399"}],"wp:featuredmedia":[{"embeddable":true,"href":"https:\/\/jonodalys.lt\/lt\/wp-json\/wp\/v2\/media\/2400"}],"wp:attachment":[{"href":"https:\/\/jonodalys.lt\/lt\/wp-json\/wp\/v2\/media?parent=2399"}],"wp:term":[{"taxonomy":"product_brand","embeddable":true,"href":"https:\/\/jonodalys.lt\/lt\/wp-json\/wp\/v2\/product_brand?post=2399"},{"taxonomy":"product_cat","embeddable":true,"href":"https:\/\/jonodalys.lt\/lt\/wp-json\/wp\/v2\/product_cat?post=2399"},{"taxonomy":"product_tag","embeddable":true,"href":"https:\/\/jonodalys.lt\/lt\/wp-json\/wp\/v2\/product_tag?post=2399"}],"curies":[{"name":"wp","href":"https:\/\/api.w.org\/{rel}","templated":true}]}}