{"id":2234,"date":"2025-09-26T17:17:24","date_gmt":"2025-09-26T14:17:24","guid":{"rendered":"https:\/\/jonodalys.lt\/?post_type=product&#038;p=2234"},"modified":"2025-11-09T19:41:04","modified_gmt":"2025-11-09T16:41:04","slug":"audi-a3-2018-ribotuvas-galiniu-duru-atverimo-desineje-8v4839267","status":"publish","type":"product","link":"https:\/\/jonodalys.lt\/lt\/product\/audi-a3-2018-ribotuvas-galiniu-duru-atverimo-desineje-8v4839267\/","title":{"rendered":"Audi A3 2018 Ribotuvas galini\u0173 dur\u0173 atv\u0117rimo (De\u0161in\u0117je) 8V4839267"},"content":{"rendered":"","protected":false},"excerpt":{"rendered":"","protected":false},"featured_media":2236,"comment_status":"open","ping_status":"closed","template":"","meta":{"_acf_changed":false},"product_brand":[70],"product_cat":[26],"product_tag":[],"class_list":{"0":"post-2234","1":"product","2":"type-product","3":"status-publish","4":"has-post-thumbnail","6":"product_brand-audi","7":"product_cat-kebulai-ir-ju-dalys","8":"pa_lokacija-d12","10":"first","11":"instock","12":"taxable","13":"shipping-taxable","14":"purchasable","15":"product-type-simple"},"acf":[],"aioseo_notices":[],"_links":{"self":[{"href":"https:\/\/jonodalys.lt\/lt\/wp-json\/wp\/v2\/product\/2234","targetHints":{"allow":["GET"]}}],"collection":[{"href":"https:\/\/jonodalys.lt\/lt\/wp-json\/wp\/v2\/product"}],"about":[{"href":"https:\/\/jonodalys.lt\/lt\/wp-json\/wp\/v2\/types\/product"}],"replies":[{"embeddable":true,"href":"https:\/\/jonodalys.lt\/lt\/wp-json\/wp\/v2\/comments?post=2234"}],"wp:featuredmedia":[{"embeddable":true,"href":"https:\/\/jonodalys.lt\/lt\/wp-json\/wp\/v2\/media\/2236"}],"wp:attachment":[{"href":"https:\/\/jonodalys.lt\/lt\/wp-json\/wp\/v2\/media?parent=2234"}],"wp:term":[{"taxonomy":"product_brand","embeddable":true,"href":"https:\/\/jonodalys.lt\/lt\/wp-json\/wp\/v2\/product_brand?post=2234"},{"taxonomy":"product_cat","embeddable":true,"href":"https:\/\/jonodalys.lt\/lt\/wp-json\/wp\/v2\/product_cat?post=2234"},{"taxonomy":"product_tag","embeddable":true,"href":"https:\/\/jonodalys.lt\/lt\/wp-json\/wp\/v2\/product_tag?post=2234"}],"curies":[{"name":"wp","href":"https:\/\/api.w.org\/{rel}","templated":true}]}}