{"id":2218,"date":"2025-09-26T15:15:12","date_gmt":"2025-09-26T12:15:12","guid":{"rendered":"https:\/\/jonodalys.lt\/?post_type=product&#038;p=2218"},"modified":"2026-03-22T14:01:01","modified_gmt":"2026-03-22T11:01:01","slug":"audi-a3-2018-8v-galiniu-duru-stiklo-apdaila-kaireje-gale-8v4853273","status":"publish","type":"product","link":"https:\/\/jonodalys.lt\/lt\/product\/audi-a3-2018-8v-galiniu-duru-stiklo-apdaila-kaireje-gale-8v4853273\/","title":{"rendered":"Audi A3 2018 8V Galini\u0173 dur\u0173 stiklo apdaila (Kair\u0117je, gale) 8V4853273"},"content":{"rendered":"","protected":false},"excerpt":{"rendered":"","protected":false},"featured_media":2219,"comment_status":"open","ping_status":"closed","template":"","meta":{"_acf_changed":false},"product_brand":[70],"product_cat":[26],"product_tag":[],"class_list":{"0":"post-2218","1":"product","2":"type-product","3":"status-publish","4":"has-post-thumbnail","6":"product_brand-audi","7":"product_cat-kebulai-ir-ju-dalys","8":"pa_lokacija-d12","10":"first","11":"instock","12":"taxable","13":"shipping-taxable","14":"purchasable","15":"product-type-simple"},"acf":[],"aioseo_notices":[],"_links":{"self":[{"href":"https:\/\/jonodalys.lt\/lt\/wp-json\/wp\/v2\/product\/2218","targetHints":{"allow":["GET"]}}],"collection":[{"href":"https:\/\/jonodalys.lt\/lt\/wp-json\/wp\/v2\/product"}],"about":[{"href":"https:\/\/jonodalys.lt\/lt\/wp-json\/wp\/v2\/types\/product"}],"replies":[{"embeddable":true,"href":"https:\/\/jonodalys.lt\/lt\/wp-json\/wp\/v2\/comments?post=2218"}],"wp:featuredmedia":[{"embeddable":true,"href":"https:\/\/jonodalys.lt\/lt\/wp-json\/wp\/v2\/media\/2219"}],"wp:attachment":[{"href":"https:\/\/jonodalys.lt\/lt\/wp-json\/wp\/v2\/media?parent=2218"}],"wp:term":[{"taxonomy":"product_brand","embeddable":true,"href":"https:\/\/jonodalys.lt\/lt\/wp-json\/wp\/v2\/product_brand?post=2218"},{"taxonomy":"product_cat","embeddable":true,"href":"https:\/\/jonodalys.lt\/lt\/wp-json\/wp\/v2\/product_cat?post=2218"},{"taxonomy":"product_tag","embeddable":true,"href":"https:\/\/jonodalys.lt\/lt\/wp-json\/wp\/v2\/product_tag?post=2218"}],"curies":[{"name":"wp","href":"https:\/\/api.w.org\/{rel}","templated":true}]}}