{"id":2214,"date":"2025-09-26T15:08:21","date_gmt":"2025-09-26T12:08:21","guid":{"rendered":"https:\/\/jonodalys.lt\/?post_type=product&#038;p=2214"},"modified":"2025-11-09T19:41:05","modified_gmt":"2025-11-09T16:41:05","slug":"audi-a3-2018-v8-galiniu-duru-stiklo-apdaila-kaireje-8v4839901","status":"publish","type":"product","link":"https:\/\/jonodalys.lt\/lt\/product\/audi-a3-2018-v8-galiniu-duru-stiklo-apdaila-kaireje-8v4839901\/","title":{"rendered":"Audi A3 2018 V8 Galini\u0173 dur\u0173 stiklo apdaila (Kair\u0117je) 8V4839901"},"content":{"rendered":"","protected":false},"excerpt":{"rendered":"","protected":false},"featured_media":2215,"comment_status":"open","ping_status":"closed","template":"","meta":{"_acf_changed":false},"product_brand":[70],"product_cat":[26],"product_tag":[],"class_list":{"0":"post-2214","1":"product","2":"type-product","3":"status-publish","4":"has-post-thumbnail","6":"product_brand-audi","7":"product_cat-kebulai-ir-ju-dalys","8":"pa_lokacija-d12","10":"first","11":"instock","12":"taxable","13":"shipping-taxable","14":"purchasable","15":"product-type-simple"},"acf":[],"aioseo_notices":[],"_links":{"self":[{"href":"https:\/\/jonodalys.lt\/lt\/wp-json\/wp\/v2\/product\/2214","targetHints":{"allow":["GET"]}}],"collection":[{"href":"https:\/\/jonodalys.lt\/lt\/wp-json\/wp\/v2\/product"}],"about":[{"href":"https:\/\/jonodalys.lt\/lt\/wp-json\/wp\/v2\/types\/product"}],"replies":[{"embeddable":true,"href":"https:\/\/jonodalys.lt\/lt\/wp-json\/wp\/v2\/comments?post=2214"}],"wp:featuredmedia":[{"embeddable":true,"href":"https:\/\/jonodalys.lt\/lt\/wp-json\/wp\/v2\/media\/2215"}],"wp:attachment":[{"href":"https:\/\/jonodalys.lt\/lt\/wp-json\/wp\/v2\/media?parent=2214"}],"wp:term":[{"taxonomy":"product_brand","embeddable":true,"href":"https:\/\/jonodalys.lt\/lt\/wp-json\/wp\/v2\/product_brand?post=2214"},{"taxonomy":"product_cat","embeddable":true,"href":"https:\/\/jonodalys.lt\/lt\/wp-json\/wp\/v2\/product_cat?post=2214"},{"taxonomy":"product_tag","embeddable":true,"href":"https:\/\/jonodalys.lt\/lt\/wp-json\/wp\/v2\/product_tag?post=2214"}],"curies":[{"name":"wp","href":"https:\/\/api.w.org\/{rel}","templated":true}]}}