{"id":1930,"date":"2025-09-23T13:47:42","date_gmt":"2025-09-23T10:47:42","guid":{"rendered":"https:\/\/jonodalys.lt\/?post_type=product&#038;p=1930"},"modified":"2025-11-09T19:41:09","modified_gmt":"2025-11-09T16:41:09","slug":"peugeot-308-t9-2018m-centrines-oro-groteles-desineja-96782700","status":"publish","type":"product","link":"https:\/\/jonodalys.lt\/lt\/product\/peugeot-308-t9-2018m-centrines-oro-groteles-desineja-96782700\/","title":{"rendered":"Peugeot 308 T9 2018m Centrin\u0117s oro grotel\u0117s (De\u0161in\u0117je) 96782700"},"content":{"rendered":"","protected":false},"excerpt":{"rendered":"","protected":false},"featured_media":1931,"comment_status":"open","ping_status":"closed","template":"","meta":{"_acf_changed":false},"product_brand":[71],"product_cat":[74],"product_tag":[],"class_list":{"0":"post-1930","1":"product","2":"type-product","3":"status-publish","4":"has-post-thumbnail","6":"product_brand-peugeot","7":"product_cat-salono-dalys","8":"pa_lokacija-d8","10":"first","11":"instock","12":"taxable","13":"shipping-taxable","14":"purchasable","15":"product-type-simple"},"acf":[],"aioseo_notices":[],"_links":{"self":[{"href":"https:\/\/jonodalys.lt\/lt\/wp-json\/wp\/v2\/product\/1930","targetHints":{"allow":["GET"]}}],"collection":[{"href":"https:\/\/jonodalys.lt\/lt\/wp-json\/wp\/v2\/product"}],"about":[{"href":"https:\/\/jonodalys.lt\/lt\/wp-json\/wp\/v2\/types\/product"}],"replies":[{"embeddable":true,"href":"https:\/\/jonodalys.lt\/lt\/wp-json\/wp\/v2\/comments?post=1930"}],"wp:featuredmedia":[{"embeddable":true,"href":"https:\/\/jonodalys.lt\/lt\/wp-json\/wp\/v2\/media\/1931"}],"wp:attachment":[{"href":"https:\/\/jonodalys.lt\/lt\/wp-json\/wp\/v2\/media?parent=1930"}],"wp:term":[{"taxonomy":"product_brand","embeddable":true,"href":"https:\/\/jonodalys.lt\/lt\/wp-json\/wp\/v2\/product_brand?post=1930"},{"taxonomy":"product_cat","embeddable":true,"href":"https:\/\/jonodalys.lt\/lt\/wp-json\/wp\/v2\/product_cat?post=1930"},{"taxonomy":"product_tag","embeddable":true,"href":"https:\/\/jonodalys.lt\/lt\/wp-json\/wp\/v2\/product_tag?post=1930"}],"curies":[{"name":"wp","href":"https:\/\/api.w.org\/{rel}","templated":true}]}}