{"id":1828,"date":"2025-09-18T15:31:02","date_gmt":"2025-09-18T12:31:02","guid":{"rendered":"https:\/\/jonodalys.lt\/?post_type=product&#038;p=1828"},"modified":"2025-11-09T19:41:11","modified_gmt":"2025-11-09T16:41:11","slug":"volkswagen-polo-vi-2019m-atidarymo-rankenele-galinio-dangcio-isorine-5g9827469-2g6827469","status":"publish","type":"product","link":"https:\/\/jonodalys.lt\/lt\/product\/volkswagen-polo-vi-2019m-atidarymo-rankenele-galinio-dangcio-isorine-5g9827469-2g6827469\/","title":{"rendered":"Volkswagen Polo VI 2019m Atidarymo ranken\u0117l\u0117 galinio dang\u010dio (i\u0161orin\u0117) 5G9827469 2G6827469"},"content":{"rendered":"","protected":false},"excerpt":{"rendered":"","protected":false},"featured_media":1829,"comment_status":"open","ping_status":"closed","template":"","meta":{"_acf_changed":false},"product_brand":[82],"product_cat":[77],"product_tag":[],"class_list":{"0":"post-1828","1":"product","2":"type-product","3":"status-publish","4":"has-post-thumbnail","6":"product_brand-volkswagen","7":"product_cat-elektronika","8":"pa_lokacija-b10","10":"first","11":"instock","12":"taxable","13":"shipping-taxable","14":"purchasable","15":"product-type-simple"},"acf":[],"aioseo_notices":[],"_links":{"self":[{"href":"https:\/\/jonodalys.lt\/lt\/wp-json\/wp\/v2\/product\/1828","targetHints":{"allow":["GET"]}}],"collection":[{"href":"https:\/\/jonodalys.lt\/lt\/wp-json\/wp\/v2\/product"}],"about":[{"href":"https:\/\/jonodalys.lt\/lt\/wp-json\/wp\/v2\/types\/product"}],"replies":[{"embeddable":true,"href":"https:\/\/jonodalys.lt\/lt\/wp-json\/wp\/v2\/comments?post=1828"}],"wp:featuredmedia":[{"embeddable":true,"href":"https:\/\/jonodalys.lt\/lt\/wp-json\/wp\/v2\/media\/1829"}],"wp:attachment":[{"href":"https:\/\/jonodalys.lt\/lt\/wp-json\/wp\/v2\/media?parent=1828"}],"wp:term":[{"taxonomy":"product_brand","embeddable":true,"href":"https:\/\/jonodalys.lt\/lt\/wp-json\/wp\/v2\/product_brand?post=1828"},{"taxonomy":"product_cat","embeddable":true,"href":"https:\/\/jonodalys.lt\/lt\/wp-json\/wp\/v2\/product_cat?post=1828"},{"taxonomy":"product_tag","embeddable":true,"href":"https:\/\/jonodalys.lt\/lt\/wp-json\/wp\/v2\/product_tag?post=1828"}],"curies":[{"name":"wp","href":"https:\/\/api.w.org\/{rel}","templated":true}]}}