{"id":1800,"date":"2025-09-18T13:26:25","date_gmt":"2025-09-18T10:26:25","guid":{"rendered":"https:\/\/jonodalys.lt\/?post_type=product&#038;p=1800"},"modified":"2025-11-09T19:41:11","modified_gmt":"2025-11-09T16:41:11","slug":"volkswagen-golf-vii-2019m-priesrukinio-zibinto-apdaila-groteles-kaireje-5g0853211h","status":"publish","type":"product","link":"https:\/\/jonodalys.lt\/lt\/product\/volkswagen-golf-vii-2019m-priesrukinio-zibinto-apdaila-groteles-kaireje-5g0853211h\/","title":{"rendered":"Volkswagen Golf VII 2019m Prie\u0161r\u016bkinio \u017eibinto apdaila\/ grotel\u0117s (Kair\u0117je) 5G0853211H"},"content":{"rendered":"","protected":false},"excerpt":{"rendered":"","protected":false},"featured_media":1801,"comment_status":"open","ping_status":"closed","template":"","meta":{"_acf_changed":false},"product_brand":[82],"product_cat":[26],"product_tag":[],"class_list":{"0":"post-1800","1":"product","2":"type-product","3":"status-publish","4":"has-post-thumbnail","6":"product_brand-volkswagen","7":"product_cat-kebulai-ir-ju-dalys","8":"pa_lokacija-c7","10":"first","11":"instock","12":"taxable","13":"shipping-taxable","14":"purchasable","15":"product-type-simple"},"acf":[],"aioseo_notices":[],"_links":{"self":[{"href":"https:\/\/jonodalys.lt\/lt\/wp-json\/wp\/v2\/product\/1800","targetHints":{"allow":["GET"]}}],"collection":[{"href":"https:\/\/jonodalys.lt\/lt\/wp-json\/wp\/v2\/product"}],"about":[{"href":"https:\/\/jonodalys.lt\/lt\/wp-json\/wp\/v2\/types\/product"}],"replies":[{"embeddable":true,"href":"https:\/\/jonodalys.lt\/lt\/wp-json\/wp\/v2\/comments?post=1800"}],"wp:featuredmedia":[{"embeddable":true,"href":"https:\/\/jonodalys.lt\/lt\/wp-json\/wp\/v2\/media\/1801"}],"wp:attachment":[{"href":"https:\/\/jonodalys.lt\/lt\/wp-json\/wp\/v2\/media?parent=1800"}],"wp:term":[{"taxonomy":"product_brand","embeddable":true,"href":"https:\/\/jonodalys.lt\/lt\/wp-json\/wp\/v2\/product_brand?post=1800"},{"taxonomy":"product_cat","embeddable":true,"href":"https:\/\/jonodalys.lt\/lt\/wp-json\/wp\/v2\/product_cat?post=1800"},{"taxonomy":"product_tag","embeddable":true,"href":"https:\/\/jonodalys.lt\/lt\/wp-json\/wp\/v2\/product_tag?post=1800"}],"curies":[{"name":"wp","href":"https:\/\/api.w.org\/{rel}","templated":true}]}}