{"id":1778,"date":"2025-09-18T12:58:53","date_gmt":"2025-09-18T09:58:53","guid":{"rendered":"https:\/\/jonodalys.lt\/?post_type=product&#038;p=1778"},"modified":"2025-11-09T19:41:11","modified_gmt":"2025-11-09T16:41:11","slug":"volkswagen-t-roc-2019m-priesrukinis-zibintas-priekyje-desineje-5na941700b-10472080000","status":"publish","type":"product","link":"https:\/\/jonodalys.lt\/lt\/product\/volkswagen-t-roc-2019m-priesrukinis-zibintas-priekyje-desineje-5na941700b-10472080000\/","title":{"rendered":"Volkswagen T-Roc 2019m Prie\u0161r\u016bkinis \u017eibintas priekyje (De\u0161in\u0117je) 5NA941700B 10472080000"},"content":{"rendered":"<p>(Su defektu)<\/p>\n","protected":false},"excerpt":{"rendered":"<p>(Su defektu)<\/p>\n","protected":false},"featured_media":1779,"comment_status":"open","ping_status":"closed","template":"","meta":{"_acf_changed":false},"product_brand":[82],"product_cat":[75],"product_tag":[],"class_list":{"0":"post-1778","1":"product","2":"type-product","3":"status-publish","4":"has-post-thumbnail","6":"product_brand-volkswagen","7":"product_cat-zibintai","8":"pa_lokacija-a4","10":"first","11":"instock","12":"taxable","13":"shipping-taxable","14":"purchasable","15":"product-type-simple"},"acf":[],"aioseo_notices":[],"_links":{"self":[{"href":"https:\/\/jonodalys.lt\/lt\/wp-json\/wp\/v2\/product\/1778","targetHints":{"allow":["GET"]}}],"collection":[{"href":"https:\/\/jonodalys.lt\/lt\/wp-json\/wp\/v2\/product"}],"about":[{"href":"https:\/\/jonodalys.lt\/lt\/wp-json\/wp\/v2\/types\/product"}],"replies":[{"embeddable":true,"href":"https:\/\/jonodalys.lt\/lt\/wp-json\/wp\/v2\/comments?post=1778"}],"wp:featuredmedia":[{"embeddable":true,"href":"https:\/\/jonodalys.lt\/lt\/wp-json\/wp\/v2\/media\/1779"}],"wp:attachment":[{"href":"https:\/\/jonodalys.lt\/lt\/wp-json\/wp\/v2\/media?parent=1778"}],"wp:term":[{"taxonomy":"product_brand","embeddable":true,"href":"https:\/\/jonodalys.lt\/lt\/wp-json\/wp\/v2\/product_brand?post=1778"},{"taxonomy":"product_cat","embeddable":true,"href":"https:\/\/jonodalys.lt\/lt\/wp-json\/wp\/v2\/product_cat?post=1778"},{"taxonomy":"product_tag","embeddable":true,"href":"https:\/\/jonodalys.lt\/lt\/wp-json\/wp\/v2\/product_tag?post=1778"}],"curies":[{"name":"wp","href":"https:\/\/api.w.org\/{rel}","templated":true}]}}