{"id":1634,"date":"2025-09-15T14:25:25","date_gmt":"2025-09-15T11:25:25","guid":{"rendered":"https:\/\/jonodalys.lt\/?post_type=product&#038;p=1634"},"modified":"2025-11-09T19:41:13","modified_gmt":"2025-11-09T16:41:13","slug":"peugeot-308-2018m-galinis-zibintas-dangtyje-9677818280","status":"publish","type":"product","link":"https:\/\/jonodalys.lt\/lt\/product\/peugeot-308-2018m-galinis-zibintas-dangtyje-9677818280\/","title":{"rendered":"Peugeot 308 2018m Galinis \u017eibintas dangtyje 9677818280"},"content":{"rendered":"<p>(De\u0161in\u0117je, gale)<\/p>\n","protected":false},"excerpt":{"rendered":"<p>(De\u0161in\u0117je, gale)<\/p>\n","protected":false},"featured_media":1635,"comment_status":"open","ping_status":"closed","template":"","meta":{"_acf_changed":false},"product_brand":[71],"product_cat":[75],"product_tag":[],"class_list":{"0":"post-1634","1":"product","2":"type-product","3":"status-publish","4":"has-post-thumbnail","6":"product_brand-peugeot","7":"product_cat-zibintai","9":"first","10":"instock","11":"taxable","12":"shipping-taxable","13":"purchasable","14":"product-type-simple"},"acf":[],"aioseo_notices":[],"_links":{"self":[{"href":"https:\/\/jonodalys.lt\/lt\/wp-json\/wp\/v2\/product\/1634","targetHints":{"allow":["GET"]}}],"collection":[{"href":"https:\/\/jonodalys.lt\/lt\/wp-json\/wp\/v2\/product"}],"about":[{"href":"https:\/\/jonodalys.lt\/lt\/wp-json\/wp\/v2\/types\/product"}],"replies":[{"embeddable":true,"href":"https:\/\/jonodalys.lt\/lt\/wp-json\/wp\/v2\/comments?post=1634"}],"wp:featuredmedia":[{"embeddable":true,"href":"https:\/\/jonodalys.lt\/lt\/wp-json\/wp\/v2\/media\/1635"}],"wp:attachment":[{"href":"https:\/\/jonodalys.lt\/lt\/wp-json\/wp\/v2\/media?parent=1634"}],"wp:term":[{"taxonomy":"product_brand","embeddable":true,"href":"https:\/\/jonodalys.lt\/lt\/wp-json\/wp\/v2\/product_brand?post=1634"},{"taxonomy":"product_cat","embeddable":true,"href":"https:\/\/jonodalys.lt\/lt\/wp-json\/wp\/v2\/product_cat?post=1634"},{"taxonomy":"product_tag","embeddable":true,"href":"https:\/\/jonodalys.lt\/lt\/wp-json\/wp\/v2\/product_tag?post=1634"}],"curies":[{"name":"wp","href":"https:\/\/api.w.org\/{rel}","templated":true}]}}