{"id":1622,"date":"2025-09-15T14:03:51","date_gmt":"2025-09-15T11:03:51","guid":{"rendered":"https:\/\/jonodalys.lt\/?post_type=product&#038;p=1622"},"modified":"2025-11-12T16:13:58","modified_gmt":"2025-11-12T13:13:58","slug":"lexus-ux250-2022m-galinis-zibintas-desineje-8195276010","status":"publish","type":"product","link":"https:\/\/jonodalys.lt\/lt\/product\/lexus-ux250-2022m-galinis-zibintas-desineje-8195276010\/","title":{"rendered":"Lexus UX250 2022m Galinis \u017eibintas (De\u0161in\u0117je) 8195276010"},"content":{"rendered":"<p>(Gamintojas JAV)<\/p>\n","protected":false},"excerpt":{"rendered":"<p><br data-mce-bogus=\"1\"><\/p>\n","protected":false},"featured_media":1623,"comment_status":"open","ping_status":"closed","template":"","meta":{"_acf_changed":false},"product_brand":[86],"product_cat":[75],"product_tag":[],"class_list":{"0":"post-1622","1":"product","2":"type-product","3":"status-publish","4":"has-post-thumbnail","6":"product_brand-lexus","7":"product_cat-zibintai","9":"first","10":"instock","11":"taxable","12":"shipping-taxable","13":"purchasable","14":"product-type-simple"},"acf":[],"aioseo_notices":[],"_links":{"self":[{"href":"https:\/\/jonodalys.lt\/lt\/wp-json\/wp\/v2\/product\/1622","targetHints":{"allow":["GET"]}}],"collection":[{"href":"https:\/\/jonodalys.lt\/lt\/wp-json\/wp\/v2\/product"}],"about":[{"href":"https:\/\/jonodalys.lt\/lt\/wp-json\/wp\/v2\/types\/product"}],"replies":[{"embeddable":true,"href":"https:\/\/jonodalys.lt\/lt\/wp-json\/wp\/v2\/comments?post=1622"}],"wp:featuredmedia":[{"embeddable":true,"href":"https:\/\/jonodalys.lt\/lt\/wp-json\/wp\/v2\/media\/1623"}],"wp:attachment":[{"href":"https:\/\/jonodalys.lt\/lt\/wp-json\/wp\/v2\/media?parent=1622"}],"wp:term":[{"taxonomy":"product_brand","embeddable":true,"href":"https:\/\/jonodalys.lt\/lt\/wp-json\/wp\/v2\/product_brand?post=1622"},{"taxonomy":"product_cat","embeddable":true,"href":"https:\/\/jonodalys.lt\/lt\/wp-json\/wp\/v2\/product_cat?post=1622"},{"taxonomy":"product_tag","embeddable":true,"href":"https:\/\/jonodalys.lt\/lt\/wp-json\/wp\/v2\/product_tag?post=1622"}],"curies":[{"name":"wp","href":"https:\/\/api.w.org\/{rel}","templated":true}]}}