{"id":1573,"date":"2025-09-15T12:50:36","date_gmt":"2025-09-15T09:50:36","guid":{"rendered":"https:\/\/jonodalys.lt\/?post_type=product&#038;p=1573"},"modified":"2025-11-09T19:41:14","modified_gmt":"2025-11-09T16:41:14","slug":"peugeot-308-2016m-groteliu-remelis-buferio-remas-96773637xt","status":"publish","type":"product","link":"https:\/\/jonodalys.lt\/lt\/product\/peugeot-308-2016m-groteliu-remelis-buferio-remas-96773637xt\/","title":{"rendered":"Peugeot 308 2016m GROTELI\u0172 R\u0116MELIS (buferio r\u0117mas) 96773637XT"},"content":{"rendered":"<p>(Su defektu, detal\u0117 n\u0117ra gamintojo)<\/p>\n","protected":false},"excerpt":{"rendered":"<p>(Su defektu, detal\u0117 n\u0117ra gamintojo)<\/p>\n","protected":false},"featured_media":1574,"comment_status":"open","ping_status":"closed","template":"","meta":{"_acf_changed":false},"product_brand":[82],"product_cat":[26],"product_tag":[],"class_list":{"0":"post-1573","1":"product","2":"type-product","3":"status-publish","4":"has-post-thumbnail","6":"product_brand-volkswagen","7":"product_cat-kebulai-ir-ju-dalys","9":"first","10":"instock","11":"taxable","12":"shipping-taxable","13":"purchasable","14":"product-type-simple"},"acf":[],"aioseo_notices":[],"_links":{"self":[{"href":"https:\/\/jonodalys.lt\/lt\/wp-json\/wp\/v2\/product\/1573","targetHints":{"allow":["GET"]}}],"collection":[{"href":"https:\/\/jonodalys.lt\/lt\/wp-json\/wp\/v2\/product"}],"about":[{"href":"https:\/\/jonodalys.lt\/lt\/wp-json\/wp\/v2\/types\/product"}],"replies":[{"embeddable":true,"href":"https:\/\/jonodalys.lt\/lt\/wp-json\/wp\/v2\/comments?post=1573"}],"wp:featuredmedia":[{"embeddable":true,"href":"https:\/\/jonodalys.lt\/lt\/wp-json\/wp\/v2\/media\/1574"}],"wp:attachment":[{"href":"https:\/\/jonodalys.lt\/lt\/wp-json\/wp\/v2\/media?parent=1573"}],"wp:term":[{"taxonomy":"product_brand","embeddable":true,"href":"https:\/\/jonodalys.lt\/lt\/wp-json\/wp\/v2\/product_brand?post=1573"},{"taxonomy":"product_cat","embeddable":true,"href":"https:\/\/jonodalys.lt\/lt\/wp-json\/wp\/v2\/product_cat?post=1573"},{"taxonomy":"product_tag","embeddable":true,"href":"https:\/\/jonodalys.lt\/lt\/wp-json\/wp\/v2\/product_tag?post=1573"}],"curies":[{"name":"wp","href":"https:\/\/api.w.org\/{rel}","templated":true}]}}