{"id":1406,"date":"2025-09-13T13:20:39","date_gmt":"2025-09-13T10:20:39","guid":{"rendered":"https:\/\/jonodalys.lt\/?post_type=product&#038;p=1406"},"modified":"2025-11-09T19:41:17","modified_gmt":"2025-11-09T16:41:17","slug":"volkswagen-polo-vi-2019m-rankena-atidarymo-isorine-kaireje-priekyje-2g0837205","status":"publish","type":"product","link":"https:\/\/jonodalys.lt\/lt\/product\/volkswagen-polo-vi-2019m-rankena-atidarymo-isorine-kaireje-priekyje-2g0837205\/","title":{"rendered":"Volkswagen Polo VI 2019m Rankena atidarymo i\u0161orin\u0117 (Kair\u0117je, priekyje) 2G0837205"},"content":{"rendered":"<p>Su defektu<\/p>\n","protected":false},"excerpt":{"rendered":"<p>Su defektu<\/p>\n","protected":false},"featured_media":1407,"comment_status":"open","ping_status":"closed","template":"","meta":{"_acf_changed":false},"product_brand":[82],"product_cat":[26],"product_tag":[],"class_list":{"0":"post-1406","1":"product","2":"type-product","3":"status-publish","4":"has-post-thumbnail","6":"product_brand-volkswagen","7":"product_cat-kebulai-ir-ju-dalys","9":"first","10":"instock","11":"taxable","12":"shipping-taxable","13":"purchasable","14":"product-type-simple"},"acf":[],"aioseo_notices":[],"_links":{"self":[{"href":"https:\/\/jonodalys.lt\/lt\/wp-json\/wp\/v2\/product\/1406","targetHints":{"allow":["GET"]}}],"collection":[{"href":"https:\/\/jonodalys.lt\/lt\/wp-json\/wp\/v2\/product"}],"about":[{"href":"https:\/\/jonodalys.lt\/lt\/wp-json\/wp\/v2\/types\/product"}],"replies":[{"embeddable":true,"href":"https:\/\/jonodalys.lt\/lt\/wp-json\/wp\/v2\/comments?post=1406"}],"wp:featuredmedia":[{"embeddable":true,"href":"https:\/\/jonodalys.lt\/lt\/wp-json\/wp\/v2\/media\/1407"}],"wp:attachment":[{"href":"https:\/\/jonodalys.lt\/lt\/wp-json\/wp\/v2\/media?parent=1406"}],"wp:term":[{"taxonomy":"product_brand","embeddable":true,"href":"https:\/\/jonodalys.lt\/lt\/wp-json\/wp\/v2\/product_brand?post=1406"},{"taxonomy":"product_cat","embeddable":true,"href":"https:\/\/jonodalys.lt\/lt\/wp-json\/wp\/v2\/product_cat?post=1406"},{"taxonomy":"product_tag","embeddable":true,"href":"https:\/\/jonodalys.lt\/lt\/wp-json\/wp\/v2\/product_tag?post=1406"}],"curies":[{"name":"wp","href":"https:\/\/api.w.org\/{rel}","templated":true}]}}