{"id":1331,"date":"2025-09-12T17:38:39","date_gmt":"2025-09-12T14:38:39","guid":{"rendered":"https:\/\/jonodalys.lt\/?post_type=product&#038;p=1331"},"modified":"2025-11-09T19:41:18","modified_gmt":"2025-11-09T16:41:18","slug":"vw-golf-vii-langu-skyscio-bakelio-garlavina-5g0955453-1k6955651-309314408","status":"publish","type":"product","link":"https:\/\/jonodalys.lt\/lt\/product\/vw-golf-vii-langu-skyscio-bakelio-garlavina-5g0955453-1k6955651-309314408\/","title":{"rendered":"VW Golf VII Lang\u0173 skys\u010dio bakelio garlavina 5G0955453 1K6955651 309314408"},"content":{"rendered":"<p>VW Golf VII Lang\u0173 skys\u010dio bakelio garlavina 5G0955453 1K6955651 309314408<\/p>\n","protected":false},"excerpt":{"rendered":"<p>VW Golf VII Lang\u0173 skys\u010dio bakelio garlavina 5G0955453 1K6955651 309314408<\/p>\n","protected":false},"featured_media":1333,"comment_status":"open","ping_status":"closed","template":"","meta":{"_acf_changed":false},"product_brand":[82],"product_cat":[67],"product_tag":[],"class_list":{"0":"post-1331","1":"product","2":"type-product","3":"status-publish","4":"has-post-thumbnail","6":"product_brand-volkswagen","7":"product_cat-varikliai-ir-ju-dalys","9":"first","10":"instock","11":"taxable","12":"shipping-taxable","13":"purchasable","14":"product-type-simple"},"acf":[],"aioseo_notices":[],"_links":{"self":[{"href":"https:\/\/jonodalys.lt\/lt\/wp-json\/wp\/v2\/product\/1331","targetHints":{"allow":["GET"]}}],"collection":[{"href":"https:\/\/jonodalys.lt\/lt\/wp-json\/wp\/v2\/product"}],"about":[{"href":"https:\/\/jonodalys.lt\/lt\/wp-json\/wp\/v2\/types\/product"}],"replies":[{"embeddable":true,"href":"https:\/\/jonodalys.lt\/lt\/wp-json\/wp\/v2\/comments?post=1331"}],"wp:featuredmedia":[{"embeddable":true,"href":"https:\/\/jonodalys.lt\/lt\/wp-json\/wp\/v2\/media\/1333"}],"wp:attachment":[{"href":"https:\/\/jonodalys.lt\/lt\/wp-json\/wp\/v2\/media?parent=1331"}],"wp:term":[{"taxonomy":"product_brand","embeddable":true,"href":"https:\/\/jonodalys.lt\/lt\/wp-json\/wp\/v2\/product_brand?post=1331"},{"taxonomy":"product_cat","embeddable":true,"href":"https:\/\/jonodalys.lt\/lt\/wp-json\/wp\/v2\/product_cat?post=1331"},{"taxonomy":"product_tag","embeddable":true,"href":"https:\/\/jonodalys.lt\/lt\/wp-json\/wp\/v2\/product_tag?post=1331"}],"curies":[{"name":"wp","href":"https:\/\/api.w.org\/{rel}","templated":true}]}}