{"id":1272,"date":"2025-09-12T12:45:13","date_gmt":"2025-09-12T09:45:13","guid":{"rendered":"https:\/\/jonodalys.lt\/?post_type=product&#038;p=1272"},"modified":"2025-11-09T19:41:19","modified_gmt":"2025-11-09T16:41:19","slug":"vw-polo-vi-2020m-priekine-duru-spyna-desineje-10b837016","status":"publish","type":"product","link":"https:\/\/jonodalys.lt\/lt\/product\/vw-polo-vi-2020m-priekine-duru-spyna-desineje-10b837016\/","title":{"rendered":"VW Polo VI 2020m Priekin\u0117 dur\u0173 spyna {de\u0161in\u0117je} 10B837016"},"content":{"rendered":"<p>VW Polo VI 2020m Priekin\u0117 dur\u0173 spyna {de\u0161in\u0117je} 10B837016<\/p>\n","protected":false},"excerpt":{"rendered":"<p>VW Polo VI 2020m Priekin\u0117 dur\u0173 spyna {de\u0161in\u0117je} 10B837016<\/p>\n","protected":false},"featured_media":1273,"comment_status":"open","ping_status":"closed","template":"","meta":{"_acf_changed":false},"product_brand":[82],"product_cat":[77],"product_tag":[],"class_list":{"0":"post-1272","1":"product","2":"type-product","3":"status-publish","4":"has-post-thumbnail","6":"product_brand-volkswagen","7":"product_cat-elektronika","9":"first","10":"instock","11":"taxable","12":"shipping-taxable","13":"purchasable","14":"product-type-simple"},"acf":[],"aioseo_notices":[],"_links":{"self":[{"href":"https:\/\/jonodalys.lt\/lt\/wp-json\/wp\/v2\/product\/1272","targetHints":{"allow":["GET"]}}],"collection":[{"href":"https:\/\/jonodalys.lt\/lt\/wp-json\/wp\/v2\/product"}],"about":[{"href":"https:\/\/jonodalys.lt\/lt\/wp-json\/wp\/v2\/types\/product"}],"replies":[{"embeddable":true,"href":"https:\/\/jonodalys.lt\/lt\/wp-json\/wp\/v2\/comments?post=1272"}],"wp:featuredmedia":[{"embeddable":true,"href":"https:\/\/jonodalys.lt\/lt\/wp-json\/wp\/v2\/media\/1273"}],"wp:attachment":[{"href":"https:\/\/jonodalys.lt\/lt\/wp-json\/wp\/v2\/media?parent=1272"}],"wp:term":[{"taxonomy":"product_brand","embeddable":true,"href":"https:\/\/jonodalys.lt\/lt\/wp-json\/wp\/v2\/product_brand?post=1272"},{"taxonomy":"product_cat","embeddable":true,"href":"https:\/\/jonodalys.lt\/lt\/wp-json\/wp\/v2\/product_cat?post=1272"},{"taxonomy":"product_tag","embeddable":true,"href":"https:\/\/jonodalys.lt\/lt\/wp-json\/wp\/v2\/product_tag?post=1272"}],"curies":[{"name":"wp","href":"https:\/\/api.w.org\/{rel}","templated":true}]}}