{"id":1243,"date":"2025-09-12T11:12:37","date_gmt":"2025-09-12T08:12:37","guid":{"rendered":"https:\/\/jonodalys.lt\/?post_type=product&#038;p=1243"},"modified":"2025-11-09T19:41:20","modified_gmt":"2025-11-09T16:41:20","slug":"vw-polo-vi-2020m-veidrodelio-plastikine-apdaila-desineje-2g0837974g","status":"publish","type":"product","link":"https:\/\/jonodalys.lt\/lt\/product\/vw-polo-vi-2020m-veidrodelio-plastikine-apdaila-desineje-2g0837974g\/","title":{"rendered":"VW Polo VI 2020m Veidrod\u0117lio plastikin\u0117 apdaila {De\u0161in\u0117je} 2G0837974G"},"content":{"rendered":"<p>VW Polo VI 2020m Veidrod\u0117lio plastikin\u0117 apdaila {De\u0161in\u0117je} 2G0837974G<\/p>\n","protected":false},"excerpt":{"rendered":"<p>VW Polo VI 2020m Veidrod\u0117lio plastikin\u0117 apdaila {De\u0161in\u0117je} 2G0837974G<\/p>\n","protected":false},"featured_media":1244,"comment_status":"open","ping_status":"closed","template":"","meta":{"_acf_changed":false},"product_brand":[82],"product_cat":[74],"product_tag":[],"class_list":{"0":"post-1243","1":"product","2":"type-product","3":"status-publish","4":"has-post-thumbnail","6":"product_brand-volkswagen","7":"product_cat-salono-dalys","9":"first","10":"instock","11":"taxable","12":"shipping-taxable","13":"purchasable","14":"product-type-simple"},"acf":[],"aioseo_notices":[],"_links":{"self":[{"href":"https:\/\/jonodalys.lt\/lt\/wp-json\/wp\/v2\/product\/1243","targetHints":{"allow":["GET"]}}],"collection":[{"href":"https:\/\/jonodalys.lt\/lt\/wp-json\/wp\/v2\/product"}],"about":[{"href":"https:\/\/jonodalys.lt\/lt\/wp-json\/wp\/v2\/types\/product"}],"replies":[{"embeddable":true,"href":"https:\/\/jonodalys.lt\/lt\/wp-json\/wp\/v2\/comments?post=1243"}],"wp:featuredmedia":[{"embeddable":true,"href":"https:\/\/jonodalys.lt\/lt\/wp-json\/wp\/v2\/media\/1244"}],"wp:attachment":[{"href":"https:\/\/jonodalys.lt\/lt\/wp-json\/wp\/v2\/media?parent=1243"}],"wp:term":[{"taxonomy":"product_brand","embeddable":true,"href":"https:\/\/jonodalys.lt\/lt\/wp-json\/wp\/v2\/product_brand?post=1243"},{"taxonomy":"product_cat","embeddable":true,"href":"https:\/\/jonodalys.lt\/lt\/wp-json\/wp\/v2\/product_cat?post=1243"},{"taxonomy":"product_tag","embeddable":true,"href":"https:\/\/jonodalys.lt\/lt\/wp-json\/wp\/v2\/product_tag?post=1243"}],"curies":[{"name":"wp","href":"https:\/\/api.w.org\/{rel}","templated":true}]}}