{"id":1218,"date":"2025-09-11T19:43:12","date_gmt":"2025-09-11T16:43:12","guid":{"rendered":"https:\/\/jonodalys.lt\/?post_type=product&#038;p=1218"},"modified":"2025-11-09T19:41:21","modified_gmt":"2025-11-09T16:41:21","slug":"vw-polo-vi-2020m-lango-pakelejo-varikliukas-kairepriekis-2q1959405b-s0005","status":"publish","type":"product","link":"https:\/\/jonodalys.lt\/lt\/product\/vw-polo-vi-2020m-lango-pakelejo-varikliukas-kairepriekis-2q1959405b-s0005\/","title":{"rendered":"VW Polo VI 2020m Lango pak\u0117l\u0117jo varikliukas {Kair\u0117,priekis} 2Q1959405B S0005"},"content":{"rendered":"<p>VW Polo VI 2020m Lango pak\u0117l\u0117jo varikliukas {Kair\u0117,priekis} 2Q1959405B S0005<\/p>\n","protected":false},"excerpt":{"rendered":"<p>VW Polo VI 2020m Lango pak\u0117l\u0117jo varikliukas {Kair\u0117,priekis} 2Q1959405B S0005<\/p>\n","protected":false},"featured_media":1220,"comment_status":"open","ping_status":"closed","template":"","meta":{"_acf_changed":false},"product_brand":[82],"product_cat":[77],"product_tag":[],"class_list":{"0":"post-1218","1":"product","2":"type-product","3":"status-publish","4":"has-post-thumbnail","6":"product_brand-volkswagen","7":"product_cat-elektronika","9":"first","10":"instock","11":"taxable","12":"shipping-taxable","13":"purchasable","14":"product-type-simple"},"acf":[],"aioseo_notices":[],"_links":{"self":[{"href":"https:\/\/jonodalys.lt\/lt\/wp-json\/wp\/v2\/product\/1218","targetHints":{"allow":["GET"]}}],"collection":[{"href":"https:\/\/jonodalys.lt\/lt\/wp-json\/wp\/v2\/product"}],"about":[{"href":"https:\/\/jonodalys.lt\/lt\/wp-json\/wp\/v2\/types\/product"}],"replies":[{"embeddable":true,"href":"https:\/\/jonodalys.lt\/lt\/wp-json\/wp\/v2\/comments?post=1218"}],"wp:featuredmedia":[{"embeddable":true,"href":"https:\/\/jonodalys.lt\/lt\/wp-json\/wp\/v2\/media\/1220"}],"wp:attachment":[{"href":"https:\/\/jonodalys.lt\/lt\/wp-json\/wp\/v2\/media?parent=1218"}],"wp:term":[{"taxonomy":"product_brand","embeddable":true,"href":"https:\/\/jonodalys.lt\/lt\/wp-json\/wp\/v2\/product_brand?post=1218"},{"taxonomy":"product_cat","embeddable":true,"href":"https:\/\/jonodalys.lt\/lt\/wp-json\/wp\/v2\/product_cat?post=1218"},{"taxonomy":"product_tag","embeddable":true,"href":"https:\/\/jonodalys.lt\/lt\/wp-json\/wp\/v2\/product_tag?post=1218"}],"curies":[{"name":"wp","href":"https:\/\/api.w.org\/{rel}","templated":true}]}}