{"id":1181,"date":"2025-09-11T16:56:48","date_gmt":"2025-09-11T13:56:48","guid":{"rendered":"https:\/\/jonodalys.lt\/?post_type=product&#038;p=1181"},"modified":"2025-11-09T19:41:21","modified_gmt":"2025-11-09T16:41:21","slug":"vw-golf-vii-priekiniu-vietu-apsvietimo-zibintas-stogo-plafonas-5g0868837-5q0867591","status":"publish","type":"product","link":"https:\/\/jonodalys.lt\/lt\/product\/vw-golf-vii-priekiniu-vietu-apsvietimo-zibintas-stogo-plafonas-5g0868837-5q0867591\/","title":{"rendered":"VW Golf VII  Priekini\u0173 viet\u0173 ap\u0161vietimo \u017eibintas {stogo plafonas} 5G0868837 5Q0867591"},"content":{"rendered":"<p>VW Golf\u00a0 VII Priekini\u0173 viet\u0173 ap\u0161vietimo \u017eibintas {stogo plafonas} 5G0868837 5Q0867591<\/p>\n","protected":false},"excerpt":{"rendered":"<p>VW Golf\u00a0 VII Priekini\u0173 viet\u0173 ap\u0161vietimo \u017eibintas {stogo plafonas} 5G0868837 5Q0867591<\/p>\n","protected":false},"featured_media":1182,"comment_status":"open","ping_status":"closed","template":"","meta":{"_acf_changed":false},"product_brand":[82],"product_cat":[77],"product_tag":[],"class_list":{"0":"post-1181","1":"product","2":"type-product","3":"status-publish","4":"has-post-thumbnail","6":"product_brand-volkswagen","7":"product_cat-elektronika","9":"first","10":"instock","11":"taxable","12":"shipping-taxable","13":"purchasable","14":"product-type-simple"},"acf":[],"aioseo_notices":[],"_links":{"self":[{"href":"https:\/\/jonodalys.lt\/lt\/wp-json\/wp\/v2\/product\/1181","targetHints":{"allow":["GET"]}}],"collection":[{"href":"https:\/\/jonodalys.lt\/lt\/wp-json\/wp\/v2\/product"}],"about":[{"href":"https:\/\/jonodalys.lt\/lt\/wp-json\/wp\/v2\/types\/product"}],"replies":[{"embeddable":true,"href":"https:\/\/jonodalys.lt\/lt\/wp-json\/wp\/v2\/comments?post=1181"}],"wp:featuredmedia":[{"embeddable":true,"href":"https:\/\/jonodalys.lt\/lt\/wp-json\/wp\/v2\/media\/1182"}],"wp:attachment":[{"href":"https:\/\/jonodalys.lt\/lt\/wp-json\/wp\/v2\/media?parent=1181"}],"wp:term":[{"taxonomy":"product_brand","embeddable":true,"href":"https:\/\/jonodalys.lt\/lt\/wp-json\/wp\/v2\/product_brand?post=1181"},{"taxonomy":"product_cat","embeddable":true,"href":"https:\/\/jonodalys.lt\/lt\/wp-json\/wp\/v2\/product_cat?post=1181"},{"taxonomy":"product_tag","embeddable":true,"href":"https:\/\/jonodalys.lt\/lt\/wp-json\/wp\/v2\/product_tag?post=1181"}],"curies":[{"name":"wp","href":"https:\/\/api.w.org\/{rel}","templated":true}]}}