{"id":1171,"date":"2025-09-11T14:49:31","date_gmt":"2025-09-11T11:49:31","guid":{"rendered":"https:\/\/jonodalys.lt\/?post_type=product&#038;p=1171"},"modified":"2025-11-09T19:41:22","modified_gmt":"2025-11-09T16:41:22","slug":"vw-polo-2018m-priekiniu-duru-instaliacija-2g1970127-kaire","status":"publish","type":"product","link":"https:\/\/jonodalys.lt\/lt\/product\/vw-polo-2018m-priekiniu-duru-instaliacija-2g1970127-kaire\/","title":{"rendered":"VW Polo 2018m Priekini\u0173 dur\u0173 instaliacija 2G1970128 {kair\u0117}"},"content":{"rendered":"<p>VW Polo 2018m Priekini\u0173 dur\u0173 instaliacija 2G1970128 {kair\u0117}<\/p>\n","protected":false},"excerpt":{"rendered":"<p>VW Polo 2018m Priekini\u0173 dur\u0173 instaliacija 2G1970128 {kair\u0117}<\/p>\n","protected":false},"featured_media":1172,"comment_status":"open","ping_status":"closed","template":"","meta":{"_acf_changed":false},"product_brand":[82],"product_cat":[77],"product_tag":[],"class_list":{"0":"post-1171","1":"product","2":"type-product","3":"status-publish","4":"has-post-thumbnail","6":"product_brand-volkswagen","7":"product_cat-elektronika","9":"first","10":"instock","11":"taxable","12":"shipping-taxable","13":"purchasable","14":"product-type-simple"},"acf":[],"aioseo_notices":[],"_links":{"self":[{"href":"https:\/\/jonodalys.lt\/lt\/wp-json\/wp\/v2\/product\/1171","targetHints":{"allow":["GET"]}}],"collection":[{"href":"https:\/\/jonodalys.lt\/lt\/wp-json\/wp\/v2\/product"}],"about":[{"href":"https:\/\/jonodalys.lt\/lt\/wp-json\/wp\/v2\/types\/product"}],"replies":[{"embeddable":true,"href":"https:\/\/jonodalys.lt\/lt\/wp-json\/wp\/v2\/comments?post=1171"}],"wp:featuredmedia":[{"embeddable":true,"href":"https:\/\/jonodalys.lt\/lt\/wp-json\/wp\/v2\/media\/1172"}],"wp:attachment":[{"href":"https:\/\/jonodalys.lt\/lt\/wp-json\/wp\/v2\/media?parent=1171"}],"wp:term":[{"taxonomy":"product_brand","embeddable":true,"href":"https:\/\/jonodalys.lt\/lt\/wp-json\/wp\/v2\/product_brand?post=1171"},{"taxonomy":"product_cat","embeddable":true,"href":"https:\/\/jonodalys.lt\/lt\/wp-json\/wp\/v2\/product_cat?post=1171"},{"taxonomy":"product_tag","embeddable":true,"href":"https:\/\/jonodalys.lt\/lt\/wp-json\/wp\/v2\/product_tag?post=1171"}],"curies":[{"name":"wp","href":"https:\/\/api.w.org\/{rel}","templated":true}]}}