{"id":1145,"date":"2025-09-09T14:00:09","date_gmt":"2025-09-09T11:00:09","guid":{"rendered":"https:\/\/jonodalys.lt\/?post_type=product&#038;p=1145"},"modified":"2025-11-09T19:41:22","modified_gmt":"2025-11-09T16:41:22","slug":"peugeot-308-2016m-kaires-priekinis-zibintas-9677523080-su-defektu","status":"publish","type":"product","link":"https:\/\/jonodalys.lt\/lt\/product\/peugeot-308-2016m-kaires-priekinis-zibintas-9677523080-su-defektu\/","title":{"rendered":"Peugeot 308 2016m Kair\u0117s priekinis \u017eibintas 9677523080 {su defektu}"},"content":{"rendered":"<p>Peugeot 308 2016m Kair\u0117s priekinis \u017eibintas 9677523080 {su defektu}<\/p>\n<p>Defektai vartojimui netrukdo.<\/p>\n","protected":false},"excerpt":{"rendered":"<p>Peugeot 308 2016m Kair\u0117s priekinis \u017eibintas 9677523080 {su defektu} Defektai vartojimui netrukdo.<\/p>\n","protected":false},"featured_media":1146,"comment_status":"open","ping_status":"closed","template":"","meta":{"_acf_changed":false},"product_brand":[71],"product_cat":[75],"product_tag":[],"class_list":{"0":"post-1145","1":"product","2":"type-product","3":"status-publish","4":"has-post-thumbnail","6":"product_brand-peugeot","7":"product_cat-zibintai","9":"first","10":"instock","11":"taxable","12":"shipping-taxable","13":"purchasable","14":"product-type-simple"},"acf":[],"aioseo_notices":[],"_links":{"self":[{"href":"https:\/\/jonodalys.lt\/lt\/wp-json\/wp\/v2\/product\/1145","targetHints":{"allow":["GET"]}}],"collection":[{"href":"https:\/\/jonodalys.lt\/lt\/wp-json\/wp\/v2\/product"}],"about":[{"href":"https:\/\/jonodalys.lt\/lt\/wp-json\/wp\/v2\/types\/product"}],"replies":[{"embeddable":true,"href":"https:\/\/jonodalys.lt\/lt\/wp-json\/wp\/v2\/comments?post=1145"}],"wp:featuredmedia":[{"embeddable":true,"href":"https:\/\/jonodalys.lt\/lt\/wp-json\/wp\/v2\/media\/1146"}],"wp:attachment":[{"href":"https:\/\/jonodalys.lt\/lt\/wp-json\/wp\/v2\/media?parent=1145"}],"wp:term":[{"taxonomy":"product_brand","embeddable":true,"href":"https:\/\/jonodalys.lt\/lt\/wp-json\/wp\/v2\/product_brand?post=1145"},{"taxonomy":"product_cat","embeddable":true,"href":"https:\/\/jonodalys.lt\/lt\/wp-json\/wp\/v2\/product_cat?post=1145"},{"taxonomy":"product_tag","embeddable":true,"href":"https:\/\/jonodalys.lt\/lt\/wp-json\/wp\/v2\/product_tag?post=1145"}],"curies":[{"name":"wp","href":"https:\/\/api.w.org\/{rel}","templated":true}]}}