{"id":1140,"date":"2025-09-08T19:31:34","date_gmt":"2025-09-08T16:31:34","guid":{"rendered":"https:\/\/jonodalys.lt\/?post_type=product&#038;p=1140"},"modified":"2025-11-09T19:41:22","modified_gmt":"2025-11-09T16:41:22","slug":"2019-2022-m-lexus-ux250-galines-keleivio-sedynes-desines-oro-pagalve-73930-76010-juoda","status":"publish","type":"product","link":"https:\/\/jonodalys.lt\/lt\/product\/2019-2022-m-lexus-ux250-galines-keleivio-sedynes-desines-oro-pagalve-73930-76010-juoda\/","title":{"rendered":"2019\u20132022 m. \u201eLexus Ux250\u201c Galin\u0117s keleivio s\u0117dyn\u0117s de\u0161in\u0117s oro pagalv\u0117 73930-76010 *Juoda"},"content":{"rendered":"<p>2019\u20132022 m. \u201eLexus Ux250\u201c Galin\u0117s keleivio s\u0117dyn\u0117s de\u0161in\u0117 oro pagalv\u0117 73930-76010 *Juoda<\/p>\n<p>73930\u201376010, 7393076010<\/p>\n","protected":false},"excerpt":{"rendered":"<p>2019\u20132022 m. \u201eLexus Ux250\u201c Galin\u0117s keleivio s\u0117dyn\u0117s de\u0161in\u0117 oro pagalv\u0117 73930-76010 *Juoda 73930\u201376010, 7393076010<\/p>\n","protected":false},"featured_media":1141,"comment_status":"open","ping_status":"closed","template":"","meta":{"_acf_changed":false},"product_brand":[86],"product_cat":[74],"product_tag":[],"class_list":{"0":"post-1140","1":"product","2":"type-product","3":"status-publish","4":"has-post-thumbnail","6":"product_brand-lexus","7":"product_cat-salono-dalys","9":"first","10":"instock","11":"taxable","12":"shipping-taxable","13":"purchasable","14":"product-type-simple"},"acf":[],"aioseo_notices":[],"_links":{"self":[{"href":"https:\/\/jonodalys.lt\/lt\/wp-json\/wp\/v2\/product\/1140","targetHints":{"allow":["GET"]}}],"collection":[{"href":"https:\/\/jonodalys.lt\/lt\/wp-json\/wp\/v2\/product"}],"about":[{"href":"https:\/\/jonodalys.lt\/lt\/wp-json\/wp\/v2\/types\/product"}],"replies":[{"embeddable":true,"href":"https:\/\/jonodalys.lt\/lt\/wp-json\/wp\/v2\/comments?post=1140"}],"wp:featuredmedia":[{"embeddable":true,"href":"https:\/\/jonodalys.lt\/lt\/wp-json\/wp\/v2\/media\/1141"}],"wp:attachment":[{"href":"https:\/\/jonodalys.lt\/lt\/wp-json\/wp\/v2\/media?parent=1140"}],"wp:term":[{"taxonomy":"product_brand","embeddable":true,"href":"https:\/\/jonodalys.lt\/lt\/wp-json\/wp\/v2\/product_brand?post=1140"},{"taxonomy":"product_cat","embeddable":true,"href":"https:\/\/jonodalys.lt\/lt\/wp-json\/wp\/v2\/product_cat?post=1140"},{"taxonomy":"product_tag","embeddable":true,"href":"https:\/\/jonodalys.lt\/lt\/wp-json\/wp\/v2\/product_tag?post=1140"}],"curies":[{"name":"wp","href":"https:\/\/api.w.org\/{rel}","templated":true}]}}