{"id":1137,"date":"2025-09-08T19:08:40","date_gmt":"2025-09-08T16:08:40","guid":{"rendered":"https:\/\/jonodalys.lt\/?post_type=product&#038;p=1137"},"modified":"2025-11-09T19:41:22","modified_gmt":"2025-11-09T16:41:22","slug":"peugeot-3008-ii-2017-stogo-oro-pagalve-kaire-uzuolaida-9811504680-9382766","status":"publish","type":"product","link":"https:\/\/jonodalys.lt\/lt\/product\/peugeot-3008-ii-2017-stogo-oro-pagalve-kaire-uzuolaida-9811504680-9382766\/","title":{"rendered":"Peugeot 3008 II 2017 Stogo oro pagalv\u0117 Kair\u0117 (u\u017euolaida) 9811504680 9382766"},"content":{"rendered":"<h1 class=\"MuiTypography-root MuiTypography-body1 mui-style-z849qa\">Peugeot 3008 II 2017 Stogo oro pagalv\u0117 Kair\u0117 \u00a0(u\u017euolaida) 9811504680 9382766<\/h1>\n","protected":false},"excerpt":{"rendered":"<p>Peugeot 3008 II 2017 Stogo oro pagalv\u0117 Kair\u0117 \u00a0(u\u017euolaida) 9811504680 9382766<\/p>\n","protected":false},"featured_media":1139,"comment_status":"open","ping_status":"closed","template":"","meta":{"_acf_changed":false},"product_brand":[71],"product_cat":[74],"product_tag":[],"class_list":{"0":"post-1137","1":"product","2":"type-product","3":"status-publish","4":"has-post-thumbnail","6":"product_brand-peugeot","7":"product_cat-salono-dalys","9":"first","10":"instock","11":"taxable","12":"shipping-taxable","13":"purchasable","14":"product-type-simple"},"acf":[],"aioseo_notices":[],"_links":{"self":[{"href":"https:\/\/jonodalys.lt\/lt\/wp-json\/wp\/v2\/product\/1137","targetHints":{"allow":["GET"]}}],"collection":[{"href":"https:\/\/jonodalys.lt\/lt\/wp-json\/wp\/v2\/product"}],"about":[{"href":"https:\/\/jonodalys.lt\/lt\/wp-json\/wp\/v2\/types\/product"}],"replies":[{"embeddable":true,"href":"https:\/\/jonodalys.lt\/lt\/wp-json\/wp\/v2\/comments?post=1137"}],"wp:featuredmedia":[{"embeddable":true,"href":"https:\/\/jonodalys.lt\/lt\/wp-json\/wp\/v2\/media\/1139"}],"wp:attachment":[{"href":"https:\/\/jonodalys.lt\/lt\/wp-json\/wp\/v2\/media?parent=1137"}],"wp:term":[{"taxonomy":"product_brand","embeddable":true,"href":"https:\/\/jonodalys.lt\/lt\/wp-json\/wp\/v2\/product_brand?post=1137"},{"taxonomy":"product_cat","embeddable":true,"href":"https:\/\/jonodalys.lt\/lt\/wp-json\/wp\/v2\/product_cat?post=1137"},{"taxonomy":"product_tag","embeddable":true,"href":"https:\/\/jonodalys.lt\/lt\/wp-json\/wp\/v2\/product_tag?post=1137"}],"curies":[{"name":"wp","href":"https:\/\/api.w.org\/{rel}","templated":true}]}}