{"id":1112,"date":"2025-09-08T16:15:55","date_gmt":"2025-09-08T13:15:55","guid":{"rendered":"https:\/\/jonodalys.lt\/?post_type=product&#038;p=1112"},"modified":"2025-11-09T19:41:23","modified_gmt":"2025-11-09T16:41:23","slug":"vw-polo-vi-2019-stogo-oro-pagalve-desine-uzuolaida-2g4880742-g","status":"publish","type":"product","link":"https:\/\/jonodalys.lt\/lt\/product\/vw-polo-vi-2019-stogo-oro-pagalve-desine-uzuolaida-2g4880742-g\/","title":{"rendered":"VW Polo VI 2019 Stogo oro pagalv\u0117 de\u0161in\u0117 {u\u017euolaida} 2G4880742 G"},"content":{"rendered":"<p>VW Polo VI 2019 Stogo oro pagalv\u0117 de\u0161in\u0117 {u\u017euolaida} 2G4880742 G<\/p>\n","protected":false},"excerpt":{"rendered":"<p>VW Polo VI 2019 Stogo oro pagalv\u0117 de\u0161in\u0117 {u\u017euolaida} 2G4880742 G<\/p>\n","protected":false},"featured_media":1108,"comment_status":"open","ping_status":"closed","template":"","meta":{"_acf_changed":false},"product_brand":[82],"product_cat":[74],"product_tag":[],"class_list":{"0":"post-1112","1":"product","2":"type-product","3":"status-publish","4":"has-post-thumbnail","6":"product_brand-volkswagen","7":"product_cat-salono-dalys","9":"first","10":"instock","11":"taxable","12":"shipping-taxable","13":"purchasable","14":"product-type-simple"},"acf":[],"aioseo_notices":[],"_links":{"self":[{"href":"https:\/\/jonodalys.lt\/lt\/wp-json\/wp\/v2\/product\/1112","targetHints":{"allow":["GET"]}}],"collection":[{"href":"https:\/\/jonodalys.lt\/lt\/wp-json\/wp\/v2\/product"}],"about":[{"href":"https:\/\/jonodalys.lt\/lt\/wp-json\/wp\/v2\/types\/product"}],"replies":[{"embeddable":true,"href":"https:\/\/jonodalys.lt\/lt\/wp-json\/wp\/v2\/comments?post=1112"}],"wp:featuredmedia":[{"embeddable":true,"href":"https:\/\/jonodalys.lt\/lt\/wp-json\/wp\/v2\/media\/1108"}],"wp:attachment":[{"href":"https:\/\/jonodalys.lt\/lt\/wp-json\/wp\/v2\/media?parent=1112"}],"wp:term":[{"taxonomy":"product_brand","embeddable":true,"href":"https:\/\/jonodalys.lt\/lt\/wp-json\/wp\/v2\/product_brand?post=1112"},{"taxonomy":"product_cat","embeddable":true,"href":"https:\/\/jonodalys.lt\/lt\/wp-json\/wp\/v2\/product_cat?post=1112"},{"taxonomy":"product_tag","embeddable":true,"href":"https:\/\/jonodalys.lt\/lt\/wp-json\/wp\/v2\/product_tag?post=1112"}],"curies":[{"name":"wp","href":"https:\/\/api.w.org\/{rel}","templated":true}]}}