{"id":9,"date":"2025-07-21T16:00:30","date_gmt":"2025-07-21T16:00:30","guid":{"rendered":"http:\/\/jonodalys.lt\/index.php\/my-account\/"},"modified":"2025-09-29T13:46:11","modified_gmt":"2025-09-29T10:46:11","slug":"my-account","status":"publish","type":"page","link":"https:\/\/jonodalys.lt\/lt\/my-account\/","title":{"rendered":"Mano paskyra"},"content":{"rendered":"<div class=\"woocommerce\"><div class=\"woocommerce-notices-wrapper\"><\/div>\n\t\n\t\t<div class=\"row\" id=\"customer_login\">\n\n\t\t<div class=\"col-lg-6 col-md-6 col-sm-12 col-xs-12\">\n\n\t\n\t<form method=\"post\" class=\"login\">\n\n\t\t<h4>Prisijungti<\/h4>\n\n\t\t<div class=\"stm-woo-form-wrap\">\t\t\t\t\t<p class=\"form-row form-row-wide\">\n\t\t\t\t\t\t\t\t<input type=\"text\" class=\"input-text\" name=\"username\" id=\"username\" value=\"\" placeholder=\"Vartotojo vardas arba el. pa\u0161to adresas *\"\/>\n\t\t\t\t\t\t\t<\/p>\n\t\t\t<p class=\"form-row form-row-wide\n\t\t\t\t\t\t\">\n\t\t\t\t\t\t\t\t<input class=\"input-text\" type=\"password\" name=\"password\" id=\"password\" placeholder=\"Slapta\u017eodis *\"\/>\n\t\t\t\t\t\t\t<\/p>\n\n\t\t\t\n\t\t\t\t\t\t\t<p class=\"form-row form-row-login\">\n\t\t\t\t\t<input type=\"hidden\" id=\"_wpnonce\" name=\"_wpnonce\" value=\"08e2cb9c92\" \/><input type=\"hidden\" name=\"_wp_http_referer\" value=\"\/lt\/wp-json\/wp\/v2\/pages\/9\" \/>\t\t\t\t\t<label for=\"rememberme\" class=\"inline\">\n\t\t\t\t\t\t<input name=\"rememberme\" type=\"checkbox\" id=\"rememberme\" value=\"forever\"\/> Prisiminti mane\t\t\t\t\t<\/label>\n\t\t\t\t\t<a href=\"https:\/\/jonodalys.lt\/lt\/my-account\/lost-password\/\">Pamir\u0161ote slapta\u017eod\u012f?<\/a>\n\t\t\t\t\t<span class=\"form-btn-wrap\">\n\t\t\t\t\t\t<input type=\"submit\" class=\"button\" name=\"login\" value=\"Prisijungti\"\/>\n\t\t\t\t\t<\/span>\n\t\t\t\t<\/p>\n\t\t\t\n\n\t\t\t<div class=\"clear\"><\/div>\n\n\t\t\t\t\t<\/div>\n\t<\/form>\n\n\t\n\t\t<\/div>\n\n\t\t<div class=\"col-lg-6 col-md-6 col-sm-12 col-xs-12\">\n\n\t\t\t<form method=\"post\" class=\"register\">\n\n\t\t\t\t<h4>Registruotis<\/h4>\n\n\t\t\t\t<div class=\"stm-woo-form-wrap\">\t\t\t\t\n\t\t\t\t\t\n\t\t\t\t\t<p class=\"form-row form-row-wide\">\n\t\t\t\t\t\t\t\t\t\t\t\t<input type=\"email\" class=\"input-text\" name=\"email\" id=\"reg_email\" value=\"\n\t\t\t\t\t\t\t\t\t\t\t\t\" placeholder=\"El. pa\u0161to adresas *\"\/>\n\t\t\t\t\t\t\t\t\t\t\t<\/p>\n\n\t\t\t\t\t\n\t\t\t\t\t<!-- Spam Trap -->\n\t\t\t\t\t<div style=\"left: -999em; position: absolute;\">\n\t\t\t\t\t\t<label for=\"trap\">Apsauga nuo brukalo<\/label>\n\t\t\t\t\t\t<input type=\"text\" name=\"email_2\" id=\"trap\" tabindex=\"-1\"\/>\n\t\t\t\t\t<\/div>\n\n\t\t\t\t\t<wc-order-attribution-inputs><\/wc-order-attribution-inputs><div class=\"woocommerce-privacy-policy-text\"><p>Your personal data will be used to support your experience throughout this website, to manage access to your account, and for other purposes described in our <a href=\"https:\/\/jonodalys.lt\/lt\/privacy-policy\/\" class=\"woocommerce-privacy-policy-link\" target=\"_blank\">privatumo politikoje<\/a>.<\/p>\n<\/div>\t\t\t\t\t\t\t\t\t\n\t\t\t\t<!-- Begin code from user role extra field -->\n\t\t\t\t<table class=\"form-table\">\n\t\t\t\t\t<input type=\"hidden\" id=\"prflxtrflds_user_register_field\" name=\"prflxtrflds_user_register_field\" value=\"9c7373857c\" \/><input type=\"hidden\" name=\"_wp_http_referer\" value=\"\/lt\/wp-json\/wp\/v2\/pages\/9\" \/>\t\t\t\t\t\t\t\t\t<\/table><!--.form-table-->\n\n\t\t\t\n\t\t\t\t\t<p class=\"form-row\">\n\t\t\t\t\t\t<input type=\"hidden\" id=\"_wpnonce\" name=\"_wpnonce\" value=\"64cd546d97\" \/><input type=\"hidden\" name=\"_wp_http_referer\" value=\"\/lt\/wp-json\/wp\/v2\/pages\/9\" \/>\t\t\t\t\t\t\t\t\t\t\t<span class=\"form-btn-wrap\">\n\t\t\t\t\t\t<input type=\"submit\" class=\"button\" name=\"register\" value=\"Registruotis\"\/>\n\t\t\t\t\t<\/span>\n\t\t\t\t\n\t\t\t\t\t<\/p>\n\n\t\t\t\t\t\t\t\t\t<\/div><div class=\"wcfmmp_become_vendor_link\"><a href=\"https:\/\/jonodalys.lt\/lt\/vendor-register\/\">Tapkite pardav\u0117ju<\/a><\/div>\n\t\t\t<\/form>\n\n\t\t<\/div>\n\t\t<\/div>\n\t\n\t<\/div>\n","protected":false},"excerpt":{"rendered":"Prisijungti Prisiminti mane Pamir\u0161ote slapta\u017eod\u012f? Registruotis Apsauga nuo brukalo Your personal data will be used to support your experience throughout this website, to manage access to your account, and for other purposes described in our privatumo politikoje. Tapkite pardav\u0117ju","protected":false},"author":1,"featured_media":0,"parent":0,"menu_order":0,"comment_status":"closed","ping_status":"closed","template":"","meta":{"_acf_changed":false,"footnotes":""},"class_list":["post-9","page","type-page","status-publish","hentry"],"acf":[],"aioseo_notices":[],"_links":{"self":[{"href":"https:\/\/jonodalys.lt\/lt\/wp-json\/wp\/v2\/pages\/9","targetHints":{"allow":["GET"]}}],"collection":[{"href":"https:\/\/jonodalys.lt\/lt\/wp-json\/wp\/v2\/pages"}],"about":[{"href":"https:\/\/jonodalys.lt\/lt\/wp-json\/wp\/v2\/types\/page"}],"author":[{"embeddable":true,"href":"https:\/\/jonodalys.lt\/lt\/wp-json\/wp\/v2\/users\/1"}],"replies":[{"embeddable":true,"href":"https:\/\/jonodalys.lt\/lt\/wp-json\/wp\/v2\/comments?post=9"}],"version-history":[{"count":2,"href":"https:\/\/jonodalys.lt\/lt\/wp-json\/wp\/v2\/pages\/9\/revisions"}],"predecessor-version":[{"id":2377,"href":"https:\/\/jonodalys.lt\/lt\/wp-json\/wp\/v2\/pages\/9\/revisions\/2377"}],"wp:attachment":[{"href":"https:\/\/jonodalys.lt\/lt\/wp-json\/wp\/v2\/media?parent=9"}],"curies":[{"name":"wp","href":"https:\/\/api.w.org\/{rel}","templated":true}]}}