{"id":776,"date":"2025-07-28T14:37:05","date_gmt":"2025-07-28T14:37:05","guid":{"rendered":"https:\/\/jonodalys.lt\/?page_id=776"},"modified":"2025-07-28T14:55:55","modified_gmt":"2025-07-28T14:55:55","slug":"privatumo-politika-2","status":"publish","type":"page","link":"https:\/\/jonodalys.lt\/lt\/privatumo-politika-2\/","title":{"rendered":"Privatumo politika"},"content":{"rendered":"\n<p>Privatumo politika<br><br>\u201eJono Dalys\u201c svetain\u0117 priklauso MB \u201e Rimkerta \u201c , kuri yra j\u016bs\u0173 asmens duomen\u0173 valdytoja.<br><br>Mes pri\u0117m\u0117me \u0161i\u0105 privatumo politik\u0105, kurioje nustatoma, kaip tvarkome \u201eJono Dalys\u201c surinkt\u0105 informacij\u0105, taip pat pateikiamos prie\u017eastys, kod\u0117l turime rinkti tam tikrus j\u016bs\u0173 asmens duomenis. Tod\u0117l prie\u0161 naudodamiesi \u201eJono Dalys\u201c svetaine, privalote perskaityti \u0161i\u0105 privatumo politik\u0105.<br><br>Mes r\u016bpinam\u0117s j\u016bs\u0173 asmens duomenimis ir \u012fsipareigojame u\u017etikrinti j\u0173 konfidencialum\u0105 ir saugum\u0105.<br><br>M\u016bs\u0173 renkama asmenin\u0117 informacija:<br><br>Kai lankot\u0117s \u201eJono dalys\u201c svetain\u0117je, mes automati\u0161kai renkame tam tikr\u0105 informacij\u0105 apie j\u016bs\u0173 \u012frengin\u012f, \u012fskaitant informacij\u0105 apie j\u016bs\u0173 interneto nar\u0161ykl\u0119, IP adres\u0105, laiko juost\u0105 ir kai kuriuos j\u016bs\u0173 \u012frenginyje \u012fdiegtus slapukus. Be to, nar\u0161ant svetain\u0117je, mes renkame informacij\u0105 apie atskirus tinklalapius ar produktus, kuriuos per\u017ei\u016brite, kokios svetain\u0117s ar paie\u0161kos terminai nukreip\u0117 jus \u012f svetain\u0119 ir kaip j\u016bs s\u0105veikaujate su svetaine. \u0160i\u0105 automati\u0161kai renkam\u0105 informacij\u0105 vadiname \u201e\u012erenginio informacija\u201c. Be to, kad gal\u0117tume \u012fvykdyti sutart\u012f, galime rinkti j\u016bs\u0173 pateiktus asmens duomenis (\u012fskaitant, bet neapsiribojant, vard\u0105, pavard\u0119, adres\u0105, mok\u0117jimo informacij\u0105 ir kt.) registracijos metu.<br><br>Kod\u0117l tvarkome j\u016bs\u0173 duomenis?<br><br>M\u016bs\u0173 svarbiausias prioritetas yra klient\u0173 duomen\u0173 saugumas, tod\u0117l galime tvarkyti tik minimalius naudotoj\u0173 duomenis, tik tiek, kiek tai yra absoliu\u010diai b\u016btina svetainei palaikyti. Automati\u0161kai surinkta informacija naudojama tik siekiant nustatyti galimus piktnaud\u017eiavimo atvejus ir nustatyti statistin\u0119 informacij\u0105 apie svetain\u0117s naudojim\u0105. \u0160i statistin\u0117 informacija n\u0117ra kitaip apibendrinama taip, kad b\u016bt\u0173 galima identifikuoti konkret\u0173 sistemos naudotoj\u0105.<br><br>Galite lankytis svetain\u0117je neatskleisdami mums, kas esate, ir neatskleisdami jokios informacijos, pagal kuri\u0105 kas nors gal\u0117t\u0173 jus identifikuoti kaip konkret\u0173, atpa\u017e\u012fstam\u0105 asmen\u012f. Ta\u010diau jei norite naudotis kai kuriomis svetain\u0117s funkcijomis arba norite gauti m\u016bs\u0173 naujienlai\u0161k\u012f ar pateikti kit\u0105 informacij\u0105 u\u017epildydami form\u0105, galite pateikti mums asmens duomenis, tokius kaip j\u016bs\u0173 el. pa\u0161to adresas, vardas, pavard\u0117, gyvenamasis miestas, organizacija, telefono numeris. Galite pasirinkti nepateikti mums savo asmens duomen\u0173, ta\u010diau tokiu atveju negal\u0117site naudotis kai kuriomis svetain\u0117s funkcijomis. Pavyzd\u017eiui, negal\u0117site gauti m\u016bs\u0173 naujienlai\u0161kio ar susisiekti su mumis tiesiogiai i\u0161 svetain\u0117s. Vartotojai, kurie n\u0117ra tikri, kokia informacija yra privaloma, gali susisiekti su mumis el. Pa\u0161tu gm.rimkerta@gmail.com.<br><br>J\u016bs\u0173 teis\u0117s:<br><br>Jei esate Europos gyventojas, turite \u0161ias teises, susijusias su j\u016bs\u0173 asmens duomenimis:<br><br>Teis\u0119 b\u016bti informuotam.<br><br>Teis\u0117 susipa\u017einti su duomenimis.<br><br>Teis\u0117 \u012f i\u0161taisym\u0105.<br><br>Teis\u0117 i\u0161trinti duomenis.<br><br>Teis\u0119 apriboti tvarkym\u0105.<br><br>Teis\u0117 \u012f duomen\u0173 perkeliamum\u0105.<br><br>Teis\u0119 nesutikti.<br><br>Teis\u0117s, susijusios su automatizuotu sprendim\u0173 pri\u0117mimu ir profiliavimu.<br><br>Jei norite pasinaudoti \u0161ia teise, susisiekite su mumis naudodami toliau pateikt\u0105 kontaktin\u0119 informacij\u0105.<br><br>Be to, jei esate Europos gyventojas, atkreipiame d\u0117mes\u012f, kad tvarkome j\u016bs\u0173 informacij\u0105, kad \u012fvykdytume sutartis, kurias galime tur\u0117ti su jumis (pavyzd\u017eiui, jei pateikiate u\u017esakym\u0105 per Svetain\u0119), arba kitaip siekdami \u012fgyvendinti auk\u0161\u010diau i\u0161vardytus teis\u0117tus verslo interesus. Be to, atkreipkite d\u0117mes\u012f, kad j\u016bs\u0173 informacija gali b\u016bti perduota u\u017e Europos rib\u0173, \u012fskaitant Kanad\u0105 ir Jungtines Amerikos Valstijas.<br><br>Nuorodos \u012f kitas svetaines:<br><br>M\u016bs\u0173 svetain\u0117je gali b\u016bti nuorod\u0173 \u012f kitas svetaines, kurios mums nepriklauso ir kuri\u0173 nekontroliuojame. Atkreipkite d\u0117mes\u012f, kad mes neatsakome u\u017e toki\u0173 kit\u0173 svetaini\u0173 ar tre\u010di\u0173j\u0173 \u0161ali\u0173 privatumo praktik\u0105. Raginame jus b\u016bti atidiems, kai i\u0161einate i\u0161 m\u016bs\u0173 svetain\u0117s ir perskaitote kiekvienos svetain\u0117s, kurioje gali b\u016bti renkama asmenin\u0117 informacija, privatumo parei\u0161kimus.<br><br>Informacijos saugumas:<br><br>J\u016bs\u0173 pateikt\u0105 informacij\u0105 saugome kompiuteri\u0173 serveriuose kontroliuojamoje, saugioje aplinkoje, apsaugotoje nuo neteis\u0117tos prieigos, naudojimo ar atskleidimo. Taikome pagr\u012fstas administracines, technines ir fizines apsaugos priemones, kad apsaugotume nuo neteis\u0117tos prieigos, naudojimo, keitimo ir asmens duomen\u0173 atskleidimo, kuriuos kontroliuojame ir saugome. Ta\u010diau negalime garantuoti jokio duomen\u0173 perdavimo internetu ar belaid\u017eiu tinklu.<br><br>Teisinis atskleidimas:<br><br>Atskleisime bet koki\u0105 informacij\u0105, kuri\u0105 renkame, naudojame ar gauname, jei to reikalauja arba leid\u017eia \u012fstatymai, pavyzd\u017eiui, kad \u012fvykdytume \u0161aukim\u0105 \u012f teism\u0105 ar pana\u0161\u0173 teisin\u012f proces\u0105 ir kai s\u0105\u017einingai tikime, kad atskleidimas yra b\u016btinas siekiant apsaugoti m\u016bs\u0173 teises, j\u016bs\u0173 ar kit\u0173 asmen\u0173 saugum\u0105, i\u0161tirti suk\u010diavim\u0105 arba atsakyti \u012f vyriausyb\u0117s pra\u0161ym\u0105.<br><br>Kontaktin\u0117 informacija:<br><br>Jei nor\u0117tum\u0117te susisiekti su mumis, kad su\u017einotum\u0117te daugiau apie \u0161i\u0105 Politik\u0105 arba nor\u0117tum\u0117te susisiekti su mumis d\u0117l bet kokio klausimo, susijusio su asmens teis\u0117mis ir j\u016bs\u0173 Asmenine informacija, galite si\u0173sti el. lai\u0161k\u0105 adresu:\u00a0 gm.rimkerta@gmail.com.<\/p>\n","protected":false},"excerpt":{"rendered":"<p>Privatumo politika \u201eJono Dalys\u201c svetain\u0117 priklauso MB \u201e Rimkerta \u201c , kuri yra j\u016bs\u0173 asmens duomen\u0173 valdytoja. Mes pri\u0117m\u0117me \u0161i\u0105 privatumo politik\u0105, kurioje nustatoma, kaip tvarkome \u201eJono Dalys\u201c surinkt\u0105 informacij\u0105, taip pat pateikiamos prie\u017eastys, kod\u0117l turime rinkti tam tikrus j\u016bs\u0173 asmens duomenis. Tod\u0117l prie\u0161 naudodamiesi \u201eJono Dalys\u201c svetaine, privalote perskaityti \u0161i\u0105 privatumo politik\u0105. Mes r\u016bpinam\u0117s&#8230;<\/p>\n","protected":false},"author":1,"featured_media":0,"parent":0,"menu_order":0,"comment_status":"closed","ping_status":"closed","template":"","meta":{"_acf_changed":false,"footnotes":""},"class_list":["post-776","page","type-page","status-publish","hentry"],"acf":[],"aioseo_notices":[],"_links":{"self":[{"href":"https:\/\/jonodalys.lt\/lt\/wp-json\/wp\/v2\/pages\/776","targetHints":{"allow":["GET"]}}],"collection":[{"href":"https:\/\/jonodalys.lt\/lt\/wp-json\/wp\/v2\/pages"}],"about":[{"href":"https:\/\/jonodalys.lt\/lt\/wp-json\/wp\/v2\/types\/page"}],"author":[{"embeddable":true,"href":"https:\/\/jonodalys.lt\/lt\/wp-json\/wp\/v2\/users\/1"}],"replies":[{"embeddable":true,"href":"https:\/\/jonodalys.lt\/lt\/wp-json\/wp\/v2\/comments?post=776"}],"version-history":[{"count":0,"href":"https:\/\/jonodalys.lt\/lt\/wp-json\/wp\/v2\/pages\/776\/revisions"}],"wp:attachment":[{"href":"https:\/\/jonodalys.lt\/lt\/wp-json\/wp\/v2\/media?parent=776"}],"curies":[{"name":"wp","href":"https:\/\/api.w.org\/{rel}","templated":true}]}}