{"id":752,"date":"2025-07-28T13:27:25","date_gmt":"2025-07-28T13:27:25","guid":{"rendered":"https:\/\/jonodalys.lt\/?post_type=product&#038;p=752"},"modified":"2025-11-09T19:41:24","modified_gmt":"2025-11-09T16:41:24","slug":"audi-seat-skoda-vw-automatine-pavaru-deze-2018-qhv","status":"publish","type":"product","link":"https:\/\/jonodalys.lt\/en\/product\/audi-seat-skoda-vw-automatine-pavaru-deze-2018-qhv\/","title":{"rendered":"AUDI SEAT SKODA VW Automatin\u0117 pavar\u0173 d\u0117\u017e\u0117 2018 QHV"},"content":{"rendered":"<p>AUDI SEAT SKODA VW Automatin\u0117 pavar\u0173 d\u0117\u017e\u0117 2018 QHV<\/p>","protected":false},"excerpt":{"rendered":"<p>AUDI SEAT SKODA VW Automatin\u0117 pavar\u0173 d\u0117\u017e\u0117 2018 QHV<\/p>","protected":false},"featured_media":757,"comment_status":"open","ping_status":"closed","template":"","meta":{"_acf_changed":false},"product_brand":[70,84,64,82],"product_cat":[78],"product_tag":[],"class_list":{"0":"post-752","1":"product","2":"type-product","3":"status-publish","4":"has-post-thumbnail","6":"product_brand-audi","7":"product_brand-seat","8":"product_brand-skoda","9":"product_brand-volkswagen","10":"product_cat-pavaru-dezes","12":"first","13":"instock","14":"taxable","15":"shipping-taxable","16":"purchasable","17":"product-type-simple"},"acf":[],"aioseo_notices":[],"_links":{"self":[{"href":"https:\/\/jonodalys.lt\/en\/wp-json\/wp\/v2\/product\/752","targetHints":{"allow":["GET"]}}],"collection":[{"href":"https:\/\/jonodalys.lt\/en\/wp-json\/wp\/v2\/product"}],"about":[{"href":"https:\/\/jonodalys.lt\/en\/wp-json\/wp\/v2\/types\/product"}],"replies":[{"embeddable":true,"href":"https:\/\/jonodalys.lt\/en\/wp-json\/wp\/v2\/comments?post=752"}],"wp:featuredmedia":[{"embeddable":true,"href":"https:\/\/jonodalys.lt\/en\/wp-json\/wp\/v2\/media\/757"}],"wp:attachment":[{"href":"https:\/\/jonodalys.lt\/en\/wp-json\/wp\/v2\/media?parent=752"}],"wp:term":[{"taxonomy":"product_brand","embeddable":true,"href":"https:\/\/jonodalys.lt\/en\/wp-json\/wp\/v2\/product_brand?post=752"},{"taxonomy":"product_cat","embeddable":true,"href":"https:\/\/jonodalys.lt\/en\/wp-json\/wp\/v2\/product_cat?post=752"},{"taxonomy":"product_tag","embeddable":true,"href":"https:\/\/jonodalys.lt\/en\/wp-json\/wp\/v2\/product_tag?post=752"}],"curies":[{"name":"wp","href":"https:\/\/api.w.org\/{rel}","templated":true}]}}