{"id":2851,"date":"2025-10-16T14:00:57","date_gmt":"2025-10-16T11:00:57","guid":{"rendered":"https:\/\/jonodalys.lt\/?post_type=product&#038;p=2851"},"modified":"2025-11-09T19:40:56","modified_gmt":"2025-11-09T16:40:56","slug":"peugeot-3008-ii-galinis-zibintas-kebule-kaireje-9810477180","status":"publish","type":"product","link":"https:\/\/jonodalys.lt\/en\/product\/peugeot-3008-ii-galinis-zibintas-kebule-kaireje-9810477180\/","title":{"rendered":"Peugeot 3008 2018 Galinis \u017eibintas k\u0117bule (Kair\u0117je) 9810477180"},"content":{"rendered":"","protected":false},"excerpt":{"rendered":"","protected":false},"featured_media":2852,"comment_status":"open","ping_status":"closed","template":"","meta":{"_acf_changed":false},"product_brand":[71],"product_cat":[75],"product_tag":[],"class_list":{"0":"post-2851","1":"product","2":"type-product","3":"status-publish","4":"has-post-thumbnail","6":"product_brand-peugeot","7":"product_cat-zibintai","8":"pa_lokacija-a4","10":"first","11":"instock","12":"taxable","13":"shipping-taxable","14":"purchasable","15":"product-type-simple"},"acf":[],"aioseo_notices":[],"_links":{"self":[{"href":"https:\/\/jonodalys.lt\/en\/wp-json\/wp\/v2\/product\/2851","targetHints":{"allow":["GET"]}}],"collection":[{"href":"https:\/\/jonodalys.lt\/en\/wp-json\/wp\/v2\/product"}],"about":[{"href":"https:\/\/jonodalys.lt\/en\/wp-json\/wp\/v2\/types\/product"}],"replies":[{"embeddable":true,"href":"https:\/\/jonodalys.lt\/en\/wp-json\/wp\/v2\/comments?post=2851"}],"wp:featuredmedia":[{"embeddable":true,"href":"https:\/\/jonodalys.lt\/en\/wp-json\/wp\/v2\/media\/2852"}],"wp:attachment":[{"href":"https:\/\/jonodalys.lt\/en\/wp-json\/wp\/v2\/media?parent=2851"}],"wp:term":[{"taxonomy":"product_brand","embeddable":true,"href":"https:\/\/jonodalys.lt\/en\/wp-json\/wp\/v2\/product_brand?post=2851"},{"taxonomy":"product_cat","embeddable":true,"href":"https:\/\/jonodalys.lt\/en\/wp-json\/wp\/v2\/product_cat?post=2851"},{"taxonomy":"product_tag","embeddable":true,"href":"https:\/\/jonodalys.lt\/en\/wp-json\/wp\/v2\/product_tag?post=2851"}],"curies":[{"name":"wp","href":"https:\/\/api.w.org\/{rel}","templated":true}]}}