{"id":2676,"date":"2025-10-14T17:07:39","date_gmt":"2025-10-14T14:07:39","guid":{"rendered":"https:\/\/jonodalys.lt\/?post_type=product&#038;p=2676"},"modified":"2025-11-09T19:40:59","modified_gmt":"2025-11-09T16:40:59","slug":"volkswagen-polo-v-2011-uzvedimo-spynele-vairo-uzraktas-5q0905861a-6r0905851","status":"publish","type":"product","link":"https:\/\/jonodalys.lt\/en\/product\/volkswagen-polo-v-2011-uzvedimo-spynele-vairo-uzraktas-5q0905861a-6r0905851\/","title":{"rendered":"Volkswagen Polo V 2011 U\u017evedimo spynel\u0117. Vairo u\u017eraktas 5Q0905861A 6R0905851"},"content":{"rendered":"","protected":false},"excerpt":{"rendered":"","protected":false},"featured_media":2678,"comment_status":"open","ping_status":"closed","template":"","meta":{"_acf_changed":false},"product_brand":[82],"product_cat":[77],"product_tag":[],"class_list":{"0":"post-2676","1":"product","2":"type-product","3":"status-publish","4":"has-post-thumbnail","6":"product_brand-volkswagen","7":"product_cat-elektronika","8":"pa_lokacija-d9","10":"first","11":"instock","12":"taxable","13":"shipping-taxable","14":"purchasable","15":"product-type-simple"},"acf":[],"aioseo_notices":[],"_links":{"self":[{"href":"https:\/\/jonodalys.lt\/en\/wp-json\/wp\/v2\/product\/2676","targetHints":{"allow":["GET"]}}],"collection":[{"href":"https:\/\/jonodalys.lt\/en\/wp-json\/wp\/v2\/product"}],"about":[{"href":"https:\/\/jonodalys.lt\/en\/wp-json\/wp\/v2\/types\/product"}],"replies":[{"embeddable":true,"href":"https:\/\/jonodalys.lt\/en\/wp-json\/wp\/v2\/comments?post=2676"}],"wp:featuredmedia":[{"embeddable":true,"href":"https:\/\/jonodalys.lt\/en\/wp-json\/wp\/v2\/media\/2678"}],"wp:attachment":[{"href":"https:\/\/jonodalys.lt\/en\/wp-json\/wp\/v2\/media?parent=2676"}],"wp:term":[{"taxonomy":"product_brand","embeddable":true,"href":"https:\/\/jonodalys.lt\/en\/wp-json\/wp\/v2\/product_brand?post=2676"},{"taxonomy":"product_cat","embeddable":true,"href":"https:\/\/jonodalys.lt\/en\/wp-json\/wp\/v2\/product_cat?post=2676"},{"taxonomy":"product_tag","embeddable":true,"href":"https:\/\/jonodalys.lt\/en\/wp-json\/wp\/v2\/product_tag?post=2676"}],"curies":[{"name":"wp","href":"https:\/\/api.w.org\/{rel}","templated":true}]}}