{"id":2630,"date":"2025-10-13T17:51:45","date_gmt":"2025-10-13T14:51:45","guid":{"rendered":"https:\/\/jonodalys.lt\/?post_type=product&#038;p=2630"},"modified":"2025-11-09T19:40:59","modified_gmt":"2025-11-09T16:40:59","slug":"peugeot-208-prietaisu-paneles-oro-srauto-groteles-kaireje-96331317771","status":"publish","type":"product","link":"https:\/\/jonodalys.lt\/en\/product\/peugeot-208-prietaisu-paneles-oro-srauto-groteles-kaireje-96331317771\/","title":{"rendered":"Peugeot 208 Prietais\u0173 panel\u0117s oro srauto grotel\u0117s (kair\u0117je) 9633131777"},"content":{"rendered":"","protected":false},"excerpt":{"rendered":"","protected":false},"featured_media":2632,"comment_status":"open","ping_status":"closed","template":"","meta":{"_acf_changed":false},"product_brand":[71],"product_cat":[74],"product_tag":[],"class_list":{"0":"post-2630","1":"product","2":"type-product","3":"status-publish","4":"has-post-thumbnail","6":"product_brand-peugeot","7":"product_cat-salono-dalys","8":"pa_lokacija-d3","10":"first","11":"instock","12":"taxable","13":"shipping-taxable","14":"purchasable","15":"product-type-simple"},"acf":[],"aioseo_notices":[],"_links":{"self":[{"href":"https:\/\/jonodalys.lt\/en\/wp-json\/wp\/v2\/product\/2630","targetHints":{"allow":["GET"]}}],"collection":[{"href":"https:\/\/jonodalys.lt\/en\/wp-json\/wp\/v2\/product"}],"about":[{"href":"https:\/\/jonodalys.lt\/en\/wp-json\/wp\/v2\/types\/product"}],"replies":[{"embeddable":true,"href":"https:\/\/jonodalys.lt\/en\/wp-json\/wp\/v2\/comments?post=2630"}],"wp:featuredmedia":[{"embeddable":true,"href":"https:\/\/jonodalys.lt\/en\/wp-json\/wp\/v2\/media\/2632"}],"wp:attachment":[{"href":"https:\/\/jonodalys.lt\/en\/wp-json\/wp\/v2\/media?parent=2630"}],"wp:term":[{"taxonomy":"product_brand","embeddable":true,"href":"https:\/\/jonodalys.lt\/en\/wp-json\/wp\/v2\/product_brand?post=2630"},{"taxonomy":"product_cat","embeddable":true,"href":"https:\/\/jonodalys.lt\/en\/wp-json\/wp\/v2\/product_cat?post=2630"},{"taxonomy":"product_tag","embeddable":true,"href":"https:\/\/jonodalys.lt\/en\/wp-json\/wp\/v2\/product_tag?post=2630"}],"curies":[{"name":"wp","href":"https:\/\/api.w.org\/{rel}","templated":true}]}}