{"id":2593,"date":"2025-10-13T16:56:15","date_gmt":"2025-10-13T13:56:15","guid":{"rendered":"https:\/\/jonodalys.lt\/?post_type=product&#038;p=2593"},"modified":"2025-11-09T19:41:00","modified_gmt":"2025-11-09T16:41:00","slug":"volkswagen-polo-vi-2020-ekranas-displejus-cd-dvd-grotuvas-5g6919605a","status":"publish","type":"product","link":"https:\/\/jonodalys.lt\/en\/product\/volkswagen-polo-vi-2020-ekranas-displejus-cd-dvd-grotuvas-5g6919605a\/","title":{"rendered":"Volkswagen Polo VI 2020 Ekranas, displ\u0117jus, (CD\/DVD\/ grotuvas) 5G6919605A"},"content":{"rendered":"<p>(turi nedideli ekrano \u012fbr\u0117\u017eim\u0105)<\/p>","protected":false},"excerpt":{"rendered":"<p>(turi nedideli ekrano \u012fbr\u0117\u017eim\u0105)<\/p>","protected":false},"featured_media":2595,"comment_status":"open","ping_status":"closed","template":"","meta":{"_acf_changed":false},"product_brand":[82],"product_cat":[77],"product_tag":[],"class_list":{"0":"post-2593","1":"product","2":"type-product","3":"status-publish","4":"has-post-thumbnail","6":"product_brand-volkswagen","7":"product_cat-elektronika","8":"pa_lokacija-d9","10":"first","11":"instock","12":"taxable","13":"shipping-taxable","14":"purchasable","15":"product-type-simple"},"acf":[],"aioseo_notices":[],"_links":{"self":[{"href":"https:\/\/jonodalys.lt\/en\/wp-json\/wp\/v2\/product\/2593","targetHints":{"allow":["GET"]}}],"collection":[{"href":"https:\/\/jonodalys.lt\/en\/wp-json\/wp\/v2\/product"}],"about":[{"href":"https:\/\/jonodalys.lt\/en\/wp-json\/wp\/v2\/types\/product"}],"replies":[{"embeddable":true,"href":"https:\/\/jonodalys.lt\/en\/wp-json\/wp\/v2\/comments?post=2593"}],"wp:featuredmedia":[{"embeddable":true,"href":"https:\/\/jonodalys.lt\/en\/wp-json\/wp\/v2\/media\/2595"}],"wp:attachment":[{"href":"https:\/\/jonodalys.lt\/en\/wp-json\/wp\/v2\/media?parent=2593"}],"wp:term":[{"taxonomy":"product_brand","embeddable":true,"href":"https:\/\/jonodalys.lt\/en\/wp-json\/wp\/v2\/product_brand?post=2593"},{"taxonomy":"product_cat","embeddable":true,"href":"https:\/\/jonodalys.lt\/en\/wp-json\/wp\/v2\/product_cat?post=2593"},{"taxonomy":"product_tag","embeddable":true,"href":"https:\/\/jonodalys.lt\/en\/wp-json\/wp\/v2\/product_tag?post=2593"}],"curies":[{"name":"wp","href":"https:\/\/api.w.org\/{rel}","templated":true}]}}