{"id":2182,"date":"2025-09-26T13:27:41","date_gmt":"2025-09-26T10:27:41","guid":{"rendered":"https:\/\/jonodalys.lt\/?post_type=product&#038;p=2182"},"modified":"2025-11-09T19:41:05","modified_gmt":"2025-11-09T16:41:05","slug":"peugeot-308-t9-2019-el-lango-pakelimo-mechanizmas-desineje-priekyje-9825710280","status":"publish","type":"product","link":"https:\/\/jonodalys.lt\/en\/product\/peugeot-308-t9-2019-el-lango-pakelimo-mechanizmas-desineje-priekyje-9825710280\/","title":{"rendered":"Peugeot 308 T9 2019 El. lango pak\u0117limo mechanizmas (De\u0161in\u0117je, priekyje) 9825710280"},"content":{"rendered":"","protected":false},"excerpt":{"rendered":"","protected":false},"featured_media":2183,"comment_status":"open","ping_status":"closed","template":"","meta":{"_acf_changed":false},"product_brand":[71],"product_cat":[26,74],"product_tag":[],"class_list":{"0":"post-2182","1":"product","2":"type-product","3":"status-publish","4":"has-post-thumbnail","6":"product_brand-peugeot","7":"product_cat-kebulai-ir-ju-dalys","8":"product_cat-salono-dalys","9":"pa_lokacija-d12","11":"first","12":"instock","13":"taxable","14":"shipping-taxable","15":"purchasable","16":"product-type-simple"},"acf":[],"aioseo_notices":[],"_links":{"self":[{"href":"https:\/\/jonodalys.lt\/en\/wp-json\/wp\/v2\/product\/2182","targetHints":{"allow":["GET"]}}],"collection":[{"href":"https:\/\/jonodalys.lt\/en\/wp-json\/wp\/v2\/product"}],"about":[{"href":"https:\/\/jonodalys.lt\/en\/wp-json\/wp\/v2\/types\/product"}],"replies":[{"embeddable":true,"href":"https:\/\/jonodalys.lt\/en\/wp-json\/wp\/v2\/comments?post=2182"}],"wp:featuredmedia":[{"embeddable":true,"href":"https:\/\/jonodalys.lt\/en\/wp-json\/wp\/v2\/media\/2183"}],"wp:attachment":[{"href":"https:\/\/jonodalys.lt\/en\/wp-json\/wp\/v2\/media?parent=2182"}],"wp:term":[{"taxonomy":"product_brand","embeddable":true,"href":"https:\/\/jonodalys.lt\/en\/wp-json\/wp\/v2\/product_brand?post=2182"},{"taxonomy":"product_cat","embeddable":true,"href":"https:\/\/jonodalys.lt\/en\/wp-json\/wp\/v2\/product_cat?post=2182"},{"taxonomy":"product_tag","embeddable":true,"href":"https:\/\/jonodalys.lt\/en\/wp-json\/wp\/v2\/product_tag?post=2182"}],"curies":[{"name":"wp","href":"https:\/\/api.w.org\/{rel}","templated":true}]}}