{"id":1785,"date":"2025-09-18T13:11:06","date_gmt":"2025-09-18T10:11:06","guid":{"rendered":"https:\/\/jonodalys.lt\/?post_type=product&#038;p=1785"},"modified":"2025-11-09T19:41:11","modified_gmt":"2025-11-09T16:41:11","slug":"peugeot-308-2018m-priesrukinio-zibinto-apdaila-groteles-kaireje-zos99894480-g53935-aa382655569","status":"publish","type":"product","link":"https:\/\/jonodalys.lt\/en\/product\/peugeot-308-2018m-priesrukinio-zibinto-apdaila-groteles-kaireje-zos99894480-g53935-aa382655569\/","title":{"rendered":"Peugeot 308 2018m Prie\u0161r\u016bkinio \u017eibinto apdaila\/ grotel\u0117s (Kair\u0117je) ZOS99894480  G53935 AA382655569"},"content":{"rendered":"","protected":false},"excerpt":{"rendered":"","protected":false},"featured_media":1787,"comment_status":"open","ping_status":"closed","template":"","meta":{"_acf_changed":false},"product_brand":[71],"product_cat":[75],"product_tag":[],"class_list":{"0":"post-1785","1":"product","2":"type-product","3":"status-publish","4":"has-post-thumbnail","6":"product_brand-peugeot","7":"product_cat-zibintai","8":"pa_lokacija-b4","10":"first","11":"instock","12":"taxable","13":"shipping-taxable","14":"purchasable","15":"product-type-simple"},"acf":[],"aioseo_notices":[],"_links":{"self":[{"href":"https:\/\/jonodalys.lt\/en\/wp-json\/wp\/v2\/product\/1785","targetHints":{"allow":["GET"]}}],"collection":[{"href":"https:\/\/jonodalys.lt\/en\/wp-json\/wp\/v2\/product"}],"about":[{"href":"https:\/\/jonodalys.lt\/en\/wp-json\/wp\/v2\/types\/product"}],"replies":[{"embeddable":true,"href":"https:\/\/jonodalys.lt\/en\/wp-json\/wp\/v2\/comments?post=1785"}],"wp:featuredmedia":[{"embeddable":true,"href":"https:\/\/jonodalys.lt\/en\/wp-json\/wp\/v2\/media\/1787"}],"wp:attachment":[{"href":"https:\/\/jonodalys.lt\/en\/wp-json\/wp\/v2\/media?parent=1785"}],"wp:term":[{"taxonomy":"product_brand","embeddable":true,"href":"https:\/\/jonodalys.lt\/en\/wp-json\/wp\/v2\/product_brand?post=1785"},{"taxonomy":"product_cat","embeddable":true,"href":"https:\/\/jonodalys.lt\/en\/wp-json\/wp\/v2\/product_cat?post=1785"},{"taxonomy":"product_tag","embeddable":true,"href":"https:\/\/jonodalys.lt\/en\/wp-json\/wp\/v2\/product_tag?post=1785"}],"curies":[{"name":"wp","href":"https:\/\/api.w.org\/{rel}","templated":true}]}}