{"id":1749,"date":"2025-09-18T11:56:12","date_gmt":"2025-09-18T08:56:12","guid":{"rendered":"https:\/\/jonodalys.lt\/?post_type=product&#038;p=1749"},"modified":"2025-11-09T19:41:12","modified_gmt":"2025-11-09T16:41:12","slug":"citroen-c4-iii-e-c4-2021m-galinis-zibintas-kebule-desineje-9831100080","status":"publish","type":"product","link":"https:\/\/jonodalys.lt\/en\/product\/citroen-c4-iii-e-c4-2021m-galinis-zibintas-kebule-desineje-9831100080\/","title":{"rendered":"Citroen C4 III e-C4 2021m Galinis \u017eibintas k\u0117bule (De\u0161in\u0117je) 9831100080"},"content":{"rendered":"","protected":false},"excerpt":{"rendered":"","protected":false},"featured_media":1750,"comment_status":"open","ping_status":"closed","template":"","meta":{"_acf_changed":false},"product_brand":[115],"product_cat":[75],"product_tag":[],"class_list":{"0":"post-1749","1":"product","2":"type-product","3":"status-publish","4":"has-post-thumbnail","6":"product_brand-citroen","7":"product_cat-zibintai","8":"pa_lokacija-c3","10":"first","11":"instock","12":"taxable","13":"shipping-taxable","14":"purchasable","15":"product-type-simple"},"acf":[],"aioseo_notices":[],"_links":{"self":[{"href":"https:\/\/jonodalys.lt\/en\/wp-json\/wp\/v2\/product\/1749","targetHints":{"allow":["GET"]}}],"collection":[{"href":"https:\/\/jonodalys.lt\/en\/wp-json\/wp\/v2\/product"}],"about":[{"href":"https:\/\/jonodalys.lt\/en\/wp-json\/wp\/v2\/types\/product"}],"replies":[{"embeddable":true,"href":"https:\/\/jonodalys.lt\/en\/wp-json\/wp\/v2\/comments?post=1749"}],"wp:featuredmedia":[{"embeddable":true,"href":"https:\/\/jonodalys.lt\/en\/wp-json\/wp\/v2\/media\/1750"}],"wp:attachment":[{"href":"https:\/\/jonodalys.lt\/en\/wp-json\/wp\/v2\/media?parent=1749"}],"wp:term":[{"taxonomy":"product_brand","embeddable":true,"href":"https:\/\/jonodalys.lt\/en\/wp-json\/wp\/v2\/product_brand?post=1749"},{"taxonomy":"product_cat","embeddable":true,"href":"https:\/\/jonodalys.lt\/en\/wp-json\/wp\/v2\/product_cat?post=1749"},{"taxonomy":"product_tag","embeddable":true,"href":"https:\/\/jonodalys.lt\/en\/wp-json\/wp\/v2\/product_tag?post=1749"}],"curies":[{"name":"wp","href":"https:\/\/api.w.org\/{rel}","templated":true}]}}