{"id":1695,"date":"2025-09-16T10:26:07","date_gmt":"2025-09-16T07:26:07","guid":{"rendered":"https:\/\/jonodalys.lt\/?post_type=product&#038;p=1695"},"modified":"2025-11-09T19:41:13","modified_gmt":"2025-11-09T16:41:13","slug":"peugeot-208-2020m-kiti-jungtukai-rankeneles-perjungejai-98236114zd","status":"publish","type":"product","link":"https:\/\/jonodalys.lt\/en\/product\/peugeot-208-2020m-kiti-jungtukai-rankeneles-perjungejai-98236114zd\/","title":{"rendered":"Peugeot 208 2020m Kiti jungtukai\/ ranken\u0117l\u0117s\/ perjung\u0117jai 98236114ZD"},"content":{"rendered":"<p>(\u0160vies\u0173, valytuv\u0173, medijos valdymas.\u00a0 Airbag\u0173 uosta)<\/p>","protected":false},"excerpt":{"rendered":"<p>(\u0160vies\u0173, valytuv\u0173, medijos valdymas.\u00a0 Airbag\u0173 uosta)<\/p>","protected":false},"featured_media":1696,"comment_status":"open","ping_status":"closed","template":"","meta":{"_acf_changed":false},"product_brand":[71],"product_cat":[77],"product_tag":[],"class_list":{"0":"post-1695","1":"product","2":"type-product","3":"status-publish","4":"has-post-thumbnail","6":"product_brand-peugeot","7":"product_cat-elektronika","8":"pa_lokacija-b10","10":"first","11":"instock","12":"taxable","13":"shipping-taxable","14":"purchasable","15":"product-type-simple"},"acf":[],"aioseo_notices":[],"_links":{"self":[{"href":"https:\/\/jonodalys.lt\/en\/wp-json\/wp\/v2\/product\/1695","targetHints":{"allow":["GET"]}}],"collection":[{"href":"https:\/\/jonodalys.lt\/en\/wp-json\/wp\/v2\/product"}],"about":[{"href":"https:\/\/jonodalys.lt\/en\/wp-json\/wp\/v2\/types\/product"}],"replies":[{"embeddable":true,"href":"https:\/\/jonodalys.lt\/en\/wp-json\/wp\/v2\/comments?post=1695"}],"wp:featuredmedia":[{"embeddable":true,"href":"https:\/\/jonodalys.lt\/en\/wp-json\/wp\/v2\/media\/1696"}],"wp:attachment":[{"href":"https:\/\/jonodalys.lt\/en\/wp-json\/wp\/v2\/media?parent=1695"}],"wp:term":[{"taxonomy":"product_brand","embeddable":true,"href":"https:\/\/jonodalys.lt\/en\/wp-json\/wp\/v2\/product_brand?post=1695"},{"taxonomy":"product_cat","embeddable":true,"href":"https:\/\/jonodalys.lt\/en\/wp-json\/wp\/v2\/product_cat?post=1695"},{"taxonomy":"product_tag","embeddable":true,"href":"https:\/\/jonodalys.lt\/en\/wp-json\/wp\/v2\/product_tag?post=1695"}],"curies":[{"name":"wp","href":"https:\/\/api.w.org\/{rel}","templated":true}]}}