{"id":1675,"date":"2025-09-16T09:57:26","date_gmt":"2025-09-16T06:57:26","guid":{"rendered":"https:\/\/jonodalys.lt\/?post_type=product&#038;p=1675"},"modified":"2025-11-09T19:41:13","modified_gmt":"2025-11-09T16:41:13","slug":"kia-ceed-2022m-rankeneliu-komplektas-93404j7960","status":"publish","type":"product","link":"https:\/\/jonodalys.lt\/en\/product\/kia-ceed-2022m-rankeneliu-komplektas-93404j7960\/","title":{"rendered":"KIA Ceed 2022m Ranken\u0117li\u0173 komplektas  93404J7960"},"content":{"rendered":"<p>(\u0160vies\u0173, valytuv\u0173 valdymas)<\/p>","protected":false},"excerpt":{"rendered":"<p>(\u0160vies\u0173, valytuv\u0173 valdymas)<\/p>","protected":false},"featured_media":1677,"comment_status":"open","ping_status":"closed","template":"","meta":{"_acf_changed":false},"product_brand":[83],"product_cat":[77],"product_tag":[],"class_list":{"0":"post-1675","1":"product","2":"type-product","3":"status-publish","4":"has-post-thumbnail","6":"product_brand-kia","7":"product_cat-elektronika","8":"pa_lokacija-b10","10":"first","11":"instock","12":"taxable","13":"shipping-taxable","14":"purchasable","15":"product-type-simple"},"acf":[],"aioseo_notices":[],"_links":{"self":[{"href":"https:\/\/jonodalys.lt\/en\/wp-json\/wp\/v2\/product\/1675","targetHints":{"allow":["GET"]}}],"collection":[{"href":"https:\/\/jonodalys.lt\/en\/wp-json\/wp\/v2\/product"}],"about":[{"href":"https:\/\/jonodalys.lt\/en\/wp-json\/wp\/v2\/types\/product"}],"replies":[{"embeddable":true,"href":"https:\/\/jonodalys.lt\/en\/wp-json\/wp\/v2\/comments?post=1675"}],"wp:featuredmedia":[{"embeddable":true,"href":"https:\/\/jonodalys.lt\/en\/wp-json\/wp\/v2\/media\/1677"}],"wp:attachment":[{"href":"https:\/\/jonodalys.lt\/en\/wp-json\/wp\/v2\/media?parent=1675"}],"wp:term":[{"taxonomy":"product_brand","embeddable":true,"href":"https:\/\/jonodalys.lt\/en\/wp-json\/wp\/v2\/product_brand?post=1675"},{"taxonomy":"product_cat","embeddable":true,"href":"https:\/\/jonodalys.lt\/en\/wp-json\/wp\/v2\/product_cat?post=1675"},{"taxonomy":"product_tag","embeddable":true,"href":"https:\/\/jonodalys.lt\/en\/wp-json\/wp\/v2\/product_tag?post=1675"}],"curies":[{"name":"wp","href":"https:\/\/api.w.org\/{rel}","templated":true}]}}