{"id":1628,"date":"2025-09-15T14:16:59","date_gmt":"2025-09-15T11:16:59","guid":{"rendered":"https:\/\/jonodalys.lt\/?post_type=product&#038;p=1628"},"modified":"2025-11-09T19:41:13","modified_gmt":"2025-11-09T16:41:13","slug":"volkswagen-polo-vi-2019m-galinis-zibintas-kebule-2g0945096b-2g0945112","status":"publish","type":"product","link":"https:\/\/jonodalys.lt\/en\/product\/volkswagen-polo-vi-2019m-galinis-zibintas-kebule-2g0945096b-2g0945112\/","title":{"rendered":"Volkswagen Polo VI 2019m Galinis \u017eibintas k\u0117bule 2G0945096B 2G0945112"},"content":{"rendered":"<p>(De\u0161in\u0117je, gale)<\/p>","protected":false},"excerpt":{"rendered":"<p>(De\u0161in\u0117je, gale)<\/p>","protected":false},"featured_media":1629,"comment_status":"open","ping_status":"closed","template":"","meta":{"_acf_changed":false},"product_brand":[82],"product_cat":[75],"product_tag":[],"class_list":{"0":"post-1628","1":"product","2":"type-product","3":"status-publish","4":"has-post-thumbnail","6":"product_brand-volkswagen","7":"product_cat-zibintai","9":"first","10":"instock","11":"taxable","12":"shipping-taxable","13":"purchasable","14":"product-type-simple"},"acf":[],"aioseo_notices":[],"_links":{"self":[{"href":"https:\/\/jonodalys.lt\/en\/wp-json\/wp\/v2\/product\/1628","targetHints":{"allow":["GET"]}}],"collection":[{"href":"https:\/\/jonodalys.lt\/en\/wp-json\/wp\/v2\/product"}],"about":[{"href":"https:\/\/jonodalys.lt\/en\/wp-json\/wp\/v2\/types\/product"}],"replies":[{"embeddable":true,"href":"https:\/\/jonodalys.lt\/en\/wp-json\/wp\/v2\/comments?post=1628"}],"wp:featuredmedia":[{"embeddable":true,"href":"https:\/\/jonodalys.lt\/en\/wp-json\/wp\/v2\/media\/1629"}],"wp:attachment":[{"href":"https:\/\/jonodalys.lt\/en\/wp-json\/wp\/v2\/media?parent=1628"}],"wp:term":[{"taxonomy":"product_brand","embeddable":true,"href":"https:\/\/jonodalys.lt\/en\/wp-json\/wp\/v2\/product_brand?post=1628"},{"taxonomy":"product_cat","embeddable":true,"href":"https:\/\/jonodalys.lt\/en\/wp-json\/wp\/v2\/product_cat?post=1628"},{"taxonomy":"product_tag","embeddable":true,"href":"https:\/\/jonodalys.lt\/en\/wp-json\/wp\/v2\/product_tag?post=1628"}],"curies":[{"name":"wp","href":"https:\/\/api.w.org\/{rel}","templated":true}]}}