{"id":1603,"date":"2025-09-15T13:32:18","date_gmt":"2025-09-15T10:32:18","guid":{"rendered":"https:\/\/jonodalys.lt\/?post_type=product&#038;p=1603"},"modified":"2025-11-09T19:41:14","modified_gmt":"2025-11-09T16:41:14","slug":"kia-ceed-2022m-galinis-zibintas-dangtyje-92404j7050","status":"publish","type":"product","link":"https:\/\/jonodalys.lt\/en\/product\/kia-ceed-2022m-galinis-zibintas-dangtyje-92404j7050\/","title":{"rendered":"KIA Ceed 2022m Galinis \u017eibintas dangtyje 92404J7050"},"content":{"rendered":"<p>(De\u0161in\u0117je)<\/p>","protected":false},"excerpt":{"rendered":"<p>(De\u0161in\u0117je)<\/p>","protected":false},"featured_media":1605,"comment_status":"open","ping_status":"closed","template":"","meta":{"_acf_changed":false},"product_brand":[83],"product_cat":[75],"product_tag":[],"class_list":{"0":"post-1603","1":"product","2":"type-product","3":"status-publish","4":"has-post-thumbnail","6":"product_brand-kia","7":"product_cat-zibintai","9":"first","10":"instock","11":"taxable","12":"shipping-taxable","13":"purchasable","14":"product-type-simple"},"acf":[],"aioseo_notices":[],"_links":{"self":[{"href":"https:\/\/jonodalys.lt\/en\/wp-json\/wp\/v2\/product\/1603","targetHints":{"allow":["GET"]}}],"collection":[{"href":"https:\/\/jonodalys.lt\/en\/wp-json\/wp\/v2\/product"}],"about":[{"href":"https:\/\/jonodalys.lt\/en\/wp-json\/wp\/v2\/types\/product"}],"replies":[{"embeddable":true,"href":"https:\/\/jonodalys.lt\/en\/wp-json\/wp\/v2\/comments?post=1603"}],"wp:featuredmedia":[{"embeddable":true,"href":"https:\/\/jonodalys.lt\/en\/wp-json\/wp\/v2\/media\/1605"}],"wp:attachment":[{"href":"https:\/\/jonodalys.lt\/en\/wp-json\/wp\/v2\/media?parent=1603"}],"wp:term":[{"taxonomy":"product_brand","embeddable":true,"href":"https:\/\/jonodalys.lt\/en\/wp-json\/wp\/v2\/product_brand?post=1603"},{"taxonomy":"product_cat","embeddable":true,"href":"https:\/\/jonodalys.lt\/en\/wp-json\/wp\/v2\/product_cat?post=1603"},{"taxonomy":"product_tag","embeddable":true,"href":"https:\/\/jonodalys.lt\/en\/wp-json\/wp\/v2\/product_tag?post=1603"}],"curies":[{"name":"wp","href":"https:\/\/api.w.org\/{rel}","templated":true}]}}