{"id":1571,"date":"2025-09-15T12:29:33","date_gmt":"2025-09-15T09:29:33","guid":{"rendered":"https:\/\/jonodalys.lt\/?post_type=product&#038;p=1571"},"modified":"2025-11-09T19:41:14","modified_gmt":"2025-11-09T16:41:14","slug":"peugeot-208-2016m-multifunkcinis-valdymo-jungtukas-rankenele-e10677110-b","status":"publish","type":"product","link":"https:\/\/jonodalys.lt\/en\/product\/peugeot-208-2016m-multifunkcinis-valdymo-jungtukas-rankenele-e10677110-b\/","title":{"rendered":"Peugeot 208 2016m Multifunkcinis valdymo jungtukas\/ ranken\u0117l\u0117 E10677110 B"},"content":{"rendered":"<p>(\u0160vies\u0173, valytuv\u0173, medijos valdymas.\u00a0 Airbag\u0173 kaset\u0117)<\/p>","protected":false},"excerpt":{"rendered":"<p>(\u0160vies\u0173, valytuv\u0173, medijos valdymas.\u00a0 Airbag\u0173 kaset\u0117)<\/p>","protected":false},"featured_media":1654,"comment_status":"open","ping_status":"closed","template":"","meta":{"_acf_changed":false},"product_brand":[71],"product_cat":[77],"product_tag":[],"class_list":{"0":"post-1571","1":"product","2":"type-product","3":"status-publish","4":"has-post-thumbnail","6":"product_brand-peugeot","7":"product_cat-elektronika","9":"first","10":"instock","11":"taxable","12":"shipping-taxable","13":"purchasable","14":"product-type-simple"},"acf":[],"aioseo_notices":[],"_links":{"self":[{"href":"https:\/\/jonodalys.lt\/en\/wp-json\/wp\/v2\/product\/1571","targetHints":{"allow":["GET"]}}],"collection":[{"href":"https:\/\/jonodalys.lt\/en\/wp-json\/wp\/v2\/product"}],"about":[{"href":"https:\/\/jonodalys.lt\/en\/wp-json\/wp\/v2\/types\/product"}],"replies":[{"embeddable":true,"href":"https:\/\/jonodalys.lt\/en\/wp-json\/wp\/v2\/comments?post=1571"}],"wp:featuredmedia":[{"embeddable":true,"href":"https:\/\/jonodalys.lt\/en\/wp-json\/wp\/v2\/media\/1654"}],"wp:attachment":[{"href":"https:\/\/jonodalys.lt\/en\/wp-json\/wp\/v2\/media?parent=1571"}],"wp:term":[{"taxonomy":"product_brand","embeddable":true,"href":"https:\/\/jonodalys.lt\/en\/wp-json\/wp\/v2\/product_brand?post=1571"},{"taxonomy":"product_cat","embeddable":true,"href":"https:\/\/jonodalys.lt\/en\/wp-json\/wp\/v2\/product_cat?post=1571"},{"taxonomy":"product_tag","embeddable":true,"href":"https:\/\/jonodalys.lt\/en\/wp-json\/wp\/v2\/product_tag?post=1571"}],"curies":[{"name":"wp","href":"https:\/\/api.w.org\/{rel}","templated":true}]}}