{"id":1543,"date":"2025-09-15T11:31:35","date_gmt":"2025-09-15T08:31:35","guid":{"rendered":"https:\/\/jonodalys.lt\/?post_type=product&#038;p=1543"},"modified":"2025-11-09T19:41:15","modified_gmt":"2025-11-09T16:41:15","slug":"volkswagen-polo-vi-veidrodelis-elektra-valdomas-2g1857502","status":"publish","type":"product","link":"https:\/\/jonodalys.lt\/en\/product\/volkswagen-polo-vi-veidrodelis-elektra-valdomas-2g1857502\/","title":{"rendered":"Volkswagen Polo VI Veidrod\u0117lis (elektra valdomas) 2G1857502"},"content":{"rendered":"<p>(Kair\u0117, priekis, 12 laid\u0173)<\/p>","protected":false},"excerpt":{"rendered":"<p>(Kair\u0117, priekis, 12 laid\u0173)<\/p>","protected":false},"featured_media":1544,"comment_status":"open","ping_status":"closed","template":"","meta":{"_acf_changed":false},"product_brand":[82],"product_cat":[26],"product_tag":[],"class_list":{"0":"post-1543","1":"product","2":"type-product","3":"status-publish","4":"has-post-thumbnail","6":"product_brand-volkswagen","7":"product_cat-kebulai-ir-ju-dalys","9":"first","10":"instock","11":"taxable","12":"shipping-taxable","13":"purchasable","14":"product-type-simple"},"acf":[],"aioseo_notices":[],"_links":{"self":[{"href":"https:\/\/jonodalys.lt\/en\/wp-json\/wp\/v2\/product\/1543","targetHints":{"allow":["GET"]}}],"collection":[{"href":"https:\/\/jonodalys.lt\/en\/wp-json\/wp\/v2\/product"}],"about":[{"href":"https:\/\/jonodalys.lt\/en\/wp-json\/wp\/v2\/types\/product"}],"replies":[{"embeddable":true,"href":"https:\/\/jonodalys.lt\/en\/wp-json\/wp\/v2\/comments?post=1543"}],"wp:featuredmedia":[{"embeddable":true,"href":"https:\/\/jonodalys.lt\/en\/wp-json\/wp\/v2\/media\/1544"}],"wp:attachment":[{"href":"https:\/\/jonodalys.lt\/en\/wp-json\/wp\/v2\/media?parent=1543"}],"wp:term":[{"taxonomy":"product_brand","embeddable":true,"href":"https:\/\/jonodalys.lt\/en\/wp-json\/wp\/v2\/product_brand?post=1543"},{"taxonomy":"product_cat","embeddable":true,"href":"https:\/\/jonodalys.lt\/en\/wp-json\/wp\/v2\/product_cat?post=1543"},{"taxonomy":"product_tag","embeddable":true,"href":"https:\/\/jonodalys.lt\/en\/wp-json\/wp\/v2\/product_tag?post=1543"}],"curies":[{"name":"wp","href":"https:\/\/api.w.org\/{rel}","templated":true}]}}