{"id":1287,"date":"2025-09-12T15:34:29","date_gmt":"2025-09-12T12:34:29","guid":{"rendered":"https:\/\/jonodalys.lt\/?post_type=product&#038;p=1287"},"modified":"2025-11-09T19:41:19","modified_gmt":"2025-11-09T16:41:19","slug":"vw-polo-vi-2020m-priekiniu-duru-stiklo-apdaila-desine-2g4837902j","status":"publish","type":"product","link":"https:\/\/jonodalys.lt\/en\/product\/vw-polo-vi-2020m-priekiniu-duru-stiklo-apdaila-desine-2g4837902j\/","title":{"rendered":"VW Polo VI 2020m Priekini\u0173 dur\u0173 stiklo apdaila {de\u0161in\u0117} 2G4837902J"},"content":{"rendered":"<p>VW Polo VI 2020m Priekini\u0173 dur\u0173 stiklo apdaila {de\u0161in\u0117} 2G4837902J<\/p>","protected":false},"excerpt":{"rendered":"<p>VW Polo VI 2020m Priekini\u0173 dur\u0173 stiklo apdaila {de\u0161in\u0117} 2G4837902J<\/p>","protected":false},"featured_media":1288,"comment_status":"open","ping_status":"closed","template":"","meta":{"_acf_changed":false},"product_brand":[82],"product_cat":[26],"product_tag":[],"class_list":{"0":"post-1287","1":"product","2":"type-product","3":"status-publish","4":"has-post-thumbnail","6":"product_brand-volkswagen","7":"product_cat-kebulai-ir-ju-dalys","9":"first","10":"instock","11":"taxable","12":"shipping-taxable","13":"purchasable","14":"product-type-simple"},"acf":[],"aioseo_notices":[],"_links":{"self":[{"href":"https:\/\/jonodalys.lt\/en\/wp-json\/wp\/v2\/product\/1287","targetHints":{"allow":["GET"]}}],"collection":[{"href":"https:\/\/jonodalys.lt\/en\/wp-json\/wp\/v2\/product"}],"about":[{"href":"https:\/\/jonodalys.lt\/en\/wp-json\/wp\/v2\/types\/product"}],"replies":[{"embeddable":true,"href":"https:\/\/jonodalys.lt\/en\/wp-json\/wp\/v2\/comments?post=1287"}],"wp:featuredmedia":[{"embeddable":true,"href":"https:\/\/jonodalys.lt\/en\/wp-json\/wp\/v2\/media\/1288"}],"wp:attachment":[{"href":"https:\/\/jonodalys.lt\/en\/wp-json\/wp\/v2\/media?parent=1287"}],"wp:term":[{"taxonomy":"product_brand","embeddable":true,"href":"https:\/\/jonodalys.lt\/en\/wp-json\/wp\/v2\/product_brand?post=1287"},{"taxonomy":"product_cat","embeddable":true,"href":"https:\/\/jonodalys.lt\/en\/wp-json\/wp\/v2\/product_cat?post=1287"},{"taxonomy":"product_tag","embeddable":true,"href":"https:\/\/jonodalys.lt\/en\/wp-json\/wp\/v2\/product_tag?post=1287"}],"curies":[{"name":"wp","href":"https:\/\/api.w.org\/{rel}","templated":true}]}}