{"id":1252,"date":"2025-09-12T11:46:22","date_gmt":"2025-09-12T08:46:22","guid":{"rendered":"https:\/\/jonodalys.lt\/?post_type=product&#038;p=1252"},"modified":"2025-11-09T19:41:20","modified_gmt":"2025-11-09T16:41:20","slug":"vw-polo-vi-2019m-priekinis-laikiklis-bamperio-desineje-su-defektu-2g0807184","status":"publish","type":"product","link":"https:\/\/jonodalys.lt\/en\/product\/vw-polo-vi-2019m-priekinis-laikiklis-bamperio-desineje-su-defektu-2g0807184\/","title":{"rendered":"VW Polo VI 2019m Priekinis laikiklis bamperio {De\u0161in\u0117je, su defektu} 2G0807184"},"content":{"rendered":"<p>VW Polo VI 2019m Priekinis laikiklis bamperio {De\u0161in\u0117je} 2G0807184<\/p>\n<p>Su defektu\u00a0 {vartojimui netrukdo}<\/p>","protected":false},"excerpt":{"rendered":"<p>VW Polo VI 2019m Priekinis laikiklis bamperio {De\u0161in\u0117je} 2G0807184 Su defektu\u00a0 {vartojimui netrukdo}<\/p>","protected":false},"featured_media":1253,"comment_status":"open","ping_status":"closed","template":"","meta":{"_acf_changed":false},"product_brand":[82],"product_cat":[26],"product_tag":[],"class_list":{"0":"post-1252","1":"product","2":"type-product","3":"status-publish","4":"has-post-thumbnail","6":"product_brand-volkswagen","7":"product_cat-kebulai-ir-ju-dalys","9":"first","10":"instock","11":"taxable","12":"shipping-taxable","13":"purchasable","14":"product-type-simple"},"acf":[],"aioseo_notices":[],"_links":{"self":[{"href":"https:\/\/jonodalys.lt\/en\/wp-json\/wp\/v2\/product\/1252","targetHints":{"allow":["GET"]}}],"collection":[{"href":"https:\/\/jonodalys.lt\/en\/wp-json\/wp\/v2\/product"}],"about":[{"href":"https:\/\/jonodalys.lt\/en\/wp-json\/wp\/v2\/types\/product"}],"replies":[{"embeddable":true,"href":"https:\/\/jonodalys.lt\/en\/wp-json\/wp\/v2\/comments?post=1252"}],"wp:featuredmedia":[{"embeddable":true,"href":"https:\/\/jonodalys.lt\/en\/wp-json\/wp\/v2\/media\/1253"}],"wp:attachment":[{"href":"https:\/\/jonodalys.lt\/en\/wp-json\/wp\/v2\/media?parent=1252"}],"wp:term":[{"taxonomy":"product_brand","embeddable":true,"href":"https:\/\/jonodalys.lt\/en\/wp-json\/wp\/v2\/product_brand?post=1252"},{"taxonomy":"product_cat","embeddable":true,"href":"https:\/\/jonodalys.lt\/en\/wp-json\/wp\/v2\/product_cat?post=1252"},{"taxonomy":"product_tag","embeddable":true,"href":"https:\/\/jonodalys.lt\/en\/wp-json\/wp\/v2\/product_tag?post=1252"}],"curies":[{"name":"wp","href":"https:\/\/api.w.org\/{rel}","templated":true}]}}