{"id":1210,"date":"2025-09-11T19:08:39","date_gmt":"2025-09-11T16:08:39","guid":{"rendered":"https:\/\/jonodalys.lt\/?post_type=product&#038;p=1210"},"modified":"2025-11-09T19:41:21","modified_gmt":"2025-11-09T16:41:21","slug":"vw-polo-vi-2020-varikliukas-langu-pakelejo-kaire-galas-5q0959407d","status":"publish","type":"product","link":"https:\/\/jonodalys.lt\/en\/product\/vw-polo-vi-2020-varikliukas-langu-pakelejo-kaire-galas-5q0959407d\/","title":{"rendered":"Vw Polo VI 2020  Varikliukas lang\u0173 pak\u0117l\u0117jo {Kair\u0117, galas} 5Q0959407D"},"content":{"rendered":"<p>Vw Polo VI 2020 Varikliukas lang\u0173 pak\u0117l\u0117jo {Kair\u0117, galas} 5Q0959407D<\/p>","protected":false},"excerpt":{"rendered":"<p>Vw Polo VI 2020 Varikliukas lang\u0173 pak\u0117l\u0117jo {Kair\u0117, galas} 5Q0959407D<\/p>","protected":false},"featured_media":1211,"comment_status":"open","ping_status":"closed","template":"","meta":{"_acf_changed":false},"product_brand":[82],"product_cat":[77],"product_tag":[],"class_list":{"0":"post-1210","1":"product","2":"type-product","3":"status-publish","4":"has-post-thumbnail","6":"product_brand-volkswagen","7":"product_cat-elektronika","9":"first","10":"instock","11":"taxable","12":"shipping-taxable","13":"purchasable","14":"product-type-simple"},"acf":[],"aioseo_notices":[],"_links":{"self":[{"href":"https:\/\/jonodalys.lt\/en\/wp-json\/wp\/v2\/product\/1210","targetHints":{"allow":["GET"]}}],"collection":[{"href":"https:\/\/jonodalys.lt\/en\/wp-json\/wp\/v2\/product"}],"about":[{"href":"https:\/\/jonodalys.lt\/en\/wp-json\/wp\/v2\/types\/product"}],"replies":[{"embeddable":true,"href":"https:\/\/jonodalys.lt\/en\/wp-json\/wp\/v2\/comments?post=1210"}],"wp:featuredmedia":[{"embeddable":true,"href":"https:\/\/jonodalys.lt\/en\/wp-json\/wp\/v2\/media\/1211"}],"wp:attachment":[{"href":"https:\/\/jonodalys.lt\/en\/wp-json\/wp\/v2\/media?parent=1210"}],"wp:term":[{"taxonomy":"product_brand","embeddable":true,"href":"https:\/\/jonodalys.lt\/en\/wp-json\/wp\/v2\/product_brand?post=1210"},{"taxonomy":"product_cat","embeddable":true,"href":"https:\/\/jonodalys.lt\/en\/wp-json\/wp\/v2\/product_cat?post=1210"},{"taxonomy":"product_tag","embeddable":true,"href":"https:\/\/jonodalys.lt\/en\/wp-json\/wp\/v2\/product_tag?post=1210"}],"curies":[{"name":"wp","href":"https:\/\/api.w.org\/{rel}","templated":true}]}}