{"id":1194,"date":"2025-09-11T17:26:38","date_gmt":"2025-09-11T14:26:38","guid":{"rendered":"https:\/\/jonodalys.lt\/?post_type=product&#038;p=1194"},"modified":"2025-11-09T19:41:21","modified_gmt":"2025-11-09T16:41:21","slug":"vw-polo-vi-el-lango-pakelimo-mechanizmas-be-varikliuko-kaire-priekis-2g4837462b","status":"publish","type":"product","link":"https:\/\/jonodalys.lt\/en\/product\/vw-polo-vi-el-lango-pakelimo-mechanizmas-be-varikliuko-kaire-priekis-2g4837462b\/","title":{"rendered":"VW Polo VI El. lango pak\u0117limo mechanizmas, be varikliuko {Kair\u0117 priekis} 2G4837462B"},"content":{"rendered":"<p>VW Polo VI El. lango pak\u0117limo mechanizmas, be varikliuko {Kair\u0117 priekis} 2G4837462B<\/p>","protected":false},"excerpt":{"rendered":"<p>VW Polo VI El. lango pak\u0117limo mechanizmas, be varikliuko {Kair\u0117 priekis} 2G4837462B<\/p>","protected":false},"featured_media":1196,"comment_status":"open","ping_status":"closed","template":"","meta":{"_acf_changed":false},"product_brand":[82],"product_cat":[26],"product_tag":[],"class_list":{"0":"post-1194","1":"product","2":"type-product","3":"status-publish","4":"has-post-thumbnail","6":"product_brand-volkswagen","7":"product_cat-kebulai-ir-ju-dalys","9":"first","10":"instock","11":"taxable","12":"shipping-taxable","13":"purchasable","14":"product-type-simple"},"acf":[],"aioseo_notices":[],"_links":{"self":[{"href":"https:\/\/jonodalys.lt\/en\/wp-json\/wp\/v2\/product\/1194","targetHints":{"allow":["GET"]}}],"collection":[{"href":"https:\/\/jonodalys.lt\/en\/wp-json\/wp\/v2\/product"}],"about":[{"href":"https:\/\/jonodalys.lt\/en\/wp-json\/wp\/v2\/types\/product"}],"replies":[{"embeddable":true,"href":"https:\/\/jonodalys.lt\/en\/wp-json\/wp\/v2\/comments?post=1194"}],"wp:featuredmedia":[{"embeddable":true,"href":"https:\/\/jonodalys.lt\/en\/wp-json\/wp\/v2\/media\/1196"}],"wp:attachment":[{"href":"https:\/\/jonodalys.lt\/en\/wp-json\/wp\/v2\/media?parent=1194"}],"wp:term":[{"taxonomy":"product_brand","embeddable":true,"href":"https:\/\/jonodalys.lt\/en\/wp-json\/wp\/v2\/product_brand?post=1194"},{"taxonomy":"product_cat","embeddable":true,"href":"https:\/\/jonodalys.lt\/en\/wp-json\/wp\/v2\/product_cat?post=1194"},{"taxonomy":"product_tag","embeddable":true,"href":"https:\/\/jonodalys.lt\/en\/wp-json\/wp\/v2\/product_tag?post=1194"}],"curies":[{"name":"wp","href":"https:\/\/api.w.org\/{rel}","templated":true}]}}