{"id":1161,"date":"2025-09-11T14:24:46","date_gmt":"2025-09-11T11:24:46","guid":{"rendered":"https:\/\/jonodalys.lt\/?post_type=product&#038;p=1161"},"modified":"2025-11-09T19:41:22","modified_gmt":"2025-11-09T16:41:22","slug":"citroen-c4-2022m-galinio-dangcio-bagazines-instaliacija-9841029480","status":"publish","type":"product","link":"https:\/\/jonodalys.lt\/en\/product\/citroen-c4-2022m-galinio-dangcio-bagazines-instaliacija-9841029480\/","title":{"rendered":"Citroen C4 2022m Galinio dang\u010dio (baga\u017ein\u0117s) instaliacija 9841029480"},"content":{"rendered":"<p>Citroen C4 2022m Galinio dang\u010dio (baga\u017ein\u0117s) instaliacija 9841029480<\/p>","protected":false},"excerpt":{"rendered":"<p>Citroen C4 2022m Galinio dang\u010dio (baga\u017ein\u0117s) instaliacija 9841029480<\/p>","protected":false},"featured_media":1162,"comment_status":"open","ping_status":"closed","template":"","meta":{"_acf_changed":false},"product_brand":[114],"product_cat":[77],"product_tag":[],"class_list":{"0":"post-1161","1":"product","2":"type-product","3":"status-publish","4":"has-post-thumbnail","6":"product_brand-citroen-c4","7":"product_cat-elektronika","9":"first","10":"instock","11":"taxable","12":"shipping-taxable","13":"purchasable","14":"product-type-simple"},"acf":[],"aioseo_notices":[],"_links":{"self":[{"href":"https:\/\/jonodalys.lt\/en\/wp-json\/wp\/v2\/product\/1161","targetHints":{"allow":["GET"]}}],"collection":[{"href":"https:\/\/jonodalys.lt\/en\/wp-json\/wp\/v2\/product"}],"about":[{"href":"https:\/\/jonodalys.lt\/en\/wp-json\/wp\/v2\/types\/product"}],"replies":[{"embeddable":true,"href":"https:\/\/jonodalys.lt\/en\/wp-json\/wp\/v2\/comments?post=1161"}],"wp:featuredmedia":[{"embeddable":true,"href":"https:\/\/jonodalys.lt\/en\/wp-json\/wp\/v2\/media\/1162"}],"wp:attachment":[{"href":"https:\/\/jonodalys.lt\/en\/wp-json\/wp\/v2\/media?parent=1161"}],"wp:term":[{"taxonomy":"product_brand","embeddable":true,"href":"https:\/\/jonodalys.lt\/en\/wp-json\/wp\/v2\/product_brand?post=1161"},{"taxonomy":"product_cat","embeddable":true,"href":"https:\/\/jonodalys.lt\/en\/wp-json\/wp\/v2\/product_cat?post=1161"},{"taxonomy":"product_tag","embeddable":true,"href":"https:\/\/jonodalys.lt\/en\/wp-json\/wp\/v2\/product_tag?post=1161"}],"curies":[{"name":"wp","href":"https:\/\/api.w.org\/{rel}","templated":true}]}}