{"id":1131,"date":"2025-09-08T18:22:21","date_gmt":"2025-09-08T15:22:21","guid":{"rendered":"https:\/\/jonodalys.lt\/?post_type=product&#038;p=1131"},"modified":"2025-11-09T19:41:23","modified_gmt":"2025-11-09T16:41:23","slug":"peugeot-308-2018-stogo-oro-pagalve-kaire-uzuolaida-34131774e-9805768480","status":"publish","type":"product","link":"https:\/\/jonodalys.lt\/en\/product\/peugeot-308-2018-stogo-oro-pagalve-kaire-uzuolaida-34131774e-9805768480\/","title":{"rendered":"Peugeot 308 2018 Stogo oro pagalv\u0117 kair\u0117 (u\u017euolaida) 34131774E 9805768480"},"content":{"rendered":"<p>Peugeot 308 2018 Stogo oro pagalv\u0117 kair\u0117 (u\u017euolaida) 34131774E 9805768480<\/p>","protected":false},"excerpt":{"rendered":"<p>Peugeot 308 2018 Stogo oro pagalv\u0117 kair\u0117 (u\u017euolaida) 34131774E 9805768480<\/p>","protected":false},"featured_media":1128,"comment_status":"open","ping_status":"closed","template":"","meta":{"_acf_changed":false},"product_brand":[],"product_cat":[74],"product_tag":[],"class_list":{"0":"post-1131","1":"product","2":"type-product","3":"status-publish","4":"has-post-thumbnail","6":"product_cat-salono-dalys","8":"first","9":"instock","10":"taxable","11":"shipping-taxable","12":"purchasable","13":"product-type-simple"},"acf":[],"aioseo_notices":[],"_links":{"self":[{"href":"https:\/\/jonodalys.lt\/en\/wp-json\/wp\/v2\/product\/1131","targetHints":{"allow":["GET"]}}],"collection":[{"href":"https:\/\/jonodalys.lt\/en\/wp-json\/wp\/v2\/product"}],"about":[{"href":"https:\/\/jonodalys.lt\/en\/wp-json\/wp\/v2\/types\/product"}],"replies":[{"embeddable":true,"href":"https:\/\/jonodalys.lt\/en\/wp-json\/wp\/v2\/comments?post=1131"}],"wp:featuredmedia":[{"embeddable":true,"href":"https:\/\/jonodalys.lt\/en\/wp-json\/wp\/v2\/media\/1128"}],"wp:attachment":[{"href":"https:\/\/jonodalys.lt\/en\/wp-json\/wp\/v2\/media?parent=1131"}],"wp:term":[{"taxonomy":"product_brand","embeddable":true,"href":"https:\/\/jonodalys.lt\/en\/wp-json\/wp\/v2\/product_brand?post=1131"},{"taxonomy":"product_cat","embeddable":true,"href":"https:\/\/jonodalys.lt\/en\/wp-json\/wp\/v2\/product_cat?post=1131"},{"taxonomy":"product_tag","embeddable":true,"href":"https:\/\/jonodalys.lt\/en\/wp-json\/wp\/v2\/product_tag?post=1131"}],"curies":[{"name":"wp","href":"https:\/\/api.w.org\/{rel}","templated":true}]}}