{"id":1113,"date":"2025-09-08T16:32:18","date_gmt":"2025-09-08T13:32:18","guid":{"rendered":"https:\/\/jonodalys.lt\/?post_type=product&#038;p=1113"},"modified":"2025-11-09T19:41:23","modified_gmt":"2025-11-09T16:41:23","slug":"kia-seed-2022-stogo-oro-pagalve-desine-uzuolaida-j7850-20000","status":"publish","type":"product","link":"https:\/\/jonodalys.lt\/en\/product\/kia-seed-2022-stogo-oro-pagalve-desine-uzuolaida-j7850-20000\/","title":{"rendered":"Kia Seed 2022 Stogo oro pagalv\u0117 de\u0161in\u0117 {u\u017euolaida} J7850-20000"},"content":{"rendered":"<p>Kia Seed 2022 Stogo oro pagalv\u0117 de\u0161in\u0117 {u\u017euolaida} J7850-20000<\/p>","protected":false},"excerpt":{"rendered":"<p>Kia Seed 2022 Stogo oro pagalv\u0117 de\u0161in\u0117 {u\u017euolaida} J7850-20000<\/p>","protected":false},"featured_media":1117,"comment_status":"open","ping_status":"closed","template":"","meta":{"_acf_changed":false},"product_brand":[83],"product_cat":[74],"product_tag":[],"class_list":{"0":"post-1113","1":"product","2":"type-product","3":"status-publish","4":"has-post-thumbnail","6":"product_brand-kia","7":"product_cat-salono-dalys","9":"first","10":"instock","11":"taxable","12":"shipping-taxable","13":"purchasable","14":"product-type-simple"},"acf":[],"aioseo_notices":[],"_links":{"self":[{"href":"https:\/\/jonodalys.lt\/en\/wp-json\/wp\/v2\/product\/1113","targetHints":{"allow":["GET"]}}],"collection":[{"href":"https:\/\/jonodalys.lt\/en\/wp-json\/wp\/v2\/product"}],"about":[{"href":"https:\/\/jonodalys.lt\/en\/wp-json\/wp\/v2\/types\/product"}],"replies":[{"embeddable":true,"href":"https:\/\/jonodalys.lt\/en\/wp-json\/wp\/v2\/comments?post=1113"}],"wp:featuredmedia":[{"embeddable":true,"href":"https:\/\/jonodalys.lt\/en\/wp-json\/wp\/v2\/media\/1117"}],"wp:attachment":[{"href":"https:\/\/jonodalys.lt\/en\/wp-json\/wp\/v2\/media?parent=1113"}],"wp:term":[{"taxonomy":"product_brand","embeddable":true,"href":"https:\/\/jonodalys.lt\/en\/wp-json\/wp\/v2\/product_brand?post=1113"},{"taxonomy":"product_cat","embeddable":true,"href":"https:\/\/jonodalys.lt\/en\/wp-json\/wp\/v2\/product_cat?post=1113"},{"taxonomy":"product_tag","embeddable":true,"href":"https:\/\/jonodalys.lt\/en\/wp-json\/wp\/v2\/product_tag?post=1113"}],"curies":[{"name":"wp","href":"https:\/\/api.w.org\/{rel}","templated":true}]}}