{"id":1100,"date":"2025-09-08T12:06:30","date_gmt":"2025-09-08T09:06:30","guid":{"rendered":"https:\/\/jonodalys.lt\/?post_type=product&#038;p=1100"},"modified":"2025-11-09T19:41:23","modified_gmt":"2025-11-09T16:41:23","slug":"peugeot-3008-2018-oro-paemimo-detale-9810920980","status":"publish","type":"product","link":"https:\/\/jonodalys.lt\/en\/product\/peugeot-3008-2018-oro-paemimo-detale-9810920980\/","title":{"rendered":"Peugeot 3008 2018 Oro pa\u0117mimo detal\u0117 9810920980"},"content":{"rendered":"<p>Peugeot 3008 2018 Oro pa\u0117mimo detal\u0117 9810920980<\/p>\n<p>Tinka ir kitiems Opel. Citroen. Modelems<\/p>","protected":false},"excerpt":{"rendered":"<p>Peugeot 3008 2018 Oro pa\u0117mimo detal\u0117 9810920980 Tinka ir kitiems Opel. Citroen. Modelems<\/p>","protected":false},"featured_media":1093,"comment_status":"open","ping_status":"closed","template":"","meta":{"_acf_changed":false},"product_brand":[71],"product_cat":[67],"product_tag":[],"class_list":{"0":"post-1100","1":"product","2":"type-product","3":"status-publish","4":"has-post-thumbnail","6":"product_brand-peugeot","7":"product_cat-varikliai-ir-ju-dalys","9":"first","10":"instock","11":"taxable","12":"shipping-taxable","13":"purchasable","14":"product-type-simple"},"acf":[],"aioseo_notices":[],"_links":{"self":[{"href":"https:\/\/jonodalys.lt\/en\/wp-json\/wp\/v2\/product\/1100","targetHints":{"allow":["GET"]}}],"collection":[{"href":"https:\/\/jonodalys.lt\/en\/wp-json\/wp\/v2\/product"}],"about":[{"href":"https:\/\/jonodalys.lt\/en\/wp-json\/wp\/v2\/types\/product"}],"replies":[{"embeddable":true,"href":"https:\/\/jonodalys.lt\/en\/wp-json\/wp\/v2\/comments?post=1100"}],"wp:featuredmedia":[{"embeddable":true,"href":"https:\/\/jonodalys.lt\/en\/wp-json\/wp\/v2\/media\/1093"}],"wp:attachment":[{"href":"https:\/\/jonodalys.lt\/en\/wp-json\/wp\/v2\/media?parent=1100"}],"wp:term":[{"taxonomy":"product_brand","embeddable":true,"href":"https:\/\/jonodalys.lt\/en\/wp-json\/wp\/v2\/product_brand?post=1100"},{"taxonomy":"product_cat","embeddable":true,"href":"https:\/\/jonodalys.lt\/en\/wp-json\/wp\/v2\/product_cat?post=1100"},{"taxonomy":"product_tag","embeddable":true,"href":"https:\/\/jonodalys.lt\/en\/wp-json\/wp\/v2\/product_tag?post=1100"}],"curies":[{"name":"wp","href":"https:\/\/api.w.org\/{rel}","templated":true}]}}