{"id":879,"date":"2025-07-30T16:02:43","date_gmt":"2025-07-30T16:02:43","guid":{"rendered":"https:\/\/jonodalys.lt\/?page_id=879"},"modified":"2025-07-30T16:20:58","modified_gmt":"2025-07-30T16:20:58","slug":"apie-mus","status":"publish","type":"page","link":"https:\/\/jonodalys.lt\/en\/apie-mus\/","title":{"rendered":"Apie mus"},"content":{"rendered":"<blockquote class=\"wp-block-quote is-layout-flow wp-block-quote-is-layout-flow\">\n<p class=\"has-black-color has-text-color has-link-color has-medium-font-size wp-elements-78bf63809715e6e4f8701d4cb679104d\"><strong>\u201eJonodalys\u201c \u2013 MB \u201eRimkerta\u201c valdoma el. parduotuv\u0117, si\u016blanti plat\u0173 naudot\u0173 automobili\u0173 dali\u0173 pasirinkim\u0105 \u012fvairi\u0173 marki\u0173 transporto priemon\u0117ms. Mes tikime, kad kokybi\u0161kos naudotos dalys gali tarnauti taip pat patikimai kaip naujos, o j\u0173 panaudojimas prisideda prie tvaresn\u0117s ateities k\u016brimo. Be prekybos dalimis, teikiame ir automobili\u0173 remonto bei stikl\u0173 keitimo paslaugas. \u201eJonodalys\u201c \u2013 \u010dia susitinka patikima kokyb\u0117, s\u0105\u017eininga kaina ir atsakingas po\u017ei\u016bris \u012f aplink\u0105.<\/strong><\/p>\n<\/blockquote>\n\n\n\n<p><\/p>","protected":false},"excerpt":{"rendered":"<p>\u201eJonodalys\u201c \u2013 MB \u201eRimkerta\u201c valdoma el. parduotuv\u0117, si\u016blanti plat\u0173 naudot\u0173 automobili\u0173 dali\u0173 pasirinkim\u0105 \u012fvairi\u0173 marki\u0173 transporto priemon\u0117ms. Mes tikime, kad kokybi\u0161kos naudotos dalys gali tarnauti taip pat patikimai kaip naujos, o j\u0173 panaudojimas prisideda prie tvaresn\u0117s ateities k\u016brimo. Be prekybos dalimis, teikiame ir automobili\u0173 remonto bei stikl\u0173 keitimo paslaugas. \u201eJonodalys\u201c \u2013 \u010dia susitinka patikima kokyb\u0117,&#8230;<\/p>","protected":false},"author":1,"featured_media":0,"parent":0,"menu_order":0,"comment_status":"closed","ping_status":"closed","template":"","meta":{"_acf_changed":false,"footnotes":""},"class_list":["post-879","page","type-page","status-publish","hentry"],"acf":[],"aioseo_notices":[],"_links":{"self":[{"href":"https:\/\/jonodalys.lt\/en\/wp-json\/wp\/v2\/pages\/879","targetHints":{"allow":["GET"]}}],"collection":[{"href":"https:\/\/jonodalys.lt\/en\/wp-json\/wp\/v2\/pages"}],"about":[{"href":"https:\/\/jonodalys.lt\/en\/wp-json\/wp\/v2\/types\/page"}],"author":[{"embeddable":true,"href":"https:\/\/jonodalys.lt\/en\/wp-json\/wp\/v2\/users\/1"}],"replies":[{"embeddable":true,"href":"https:\/\/jonodalys.lt\/en\/wp-json\/wp\/v2\/comments?post=879"}],"version-history":[{"count":0,"href":"https:\/\/jonodalys.lt\/en\/wp-json\/wp\/v2\/pages\/879\/revisions"}],"wp:attachment":[{"href":"https:\/\/jonodalys.lt\/en\/wp-json\/wp\/v2\/media?parent=879"}],"curies":[{"name":"wp","href":"https:\/\/api.w.org\/{rel}","templated":true}]}}